{"id":7266,"date":"2022-10-27T19:14:29","date_gmt":"2022-10-27T19:14:29","guid":{"rendered":"https:\/\/corpmedec.med.ec\/?page_id=7266"},"modified":"2022-11-21T15:56:00","modified_gmt":"2022-11-21T15:56:00","slug":"proforma","status":"publish","type":"page","link":"https:\/\/corpmedec.med.ec\/?page_id=7266","title":{"rendered":"Cotiza con nosotros"},"content":{"rendered":"<div class=\"wpb-content-wrapper\"><div class=\"vc_row wpb_row vc_row-fluid\"><div class=\"wpb_column vc_column_container vc_col-sm-12\"><div class=\"vc_column-inner\"><div class=\"wpb_wrapper\">\n\t<div class=\"wpb_text_column wpb_content_element\" >\n\t\t<div class=\"wpb_wrapper\">\n\t\t\t\n<div class=\"woocommerce ywraq-wrapper ywraq-empty\">\n\t\t\t<div id=\"yith-ywraq-message\"><div class=\"ywraq-question-message\">\n\t<\/div>\n<\/div>\n\t\t\n\t\t\t\t<div class=\"ywraq-form-table-wrapper wide\">\n\t\t\t<div class=\"ywraq-before-form\">\n\t<p class=\"ywraq_list_empty_message\">Tu lista est\u00e1 vac\u00eda, a\u00f1ade productos a la lista para enviar una solicitud<p><p class=\"return-to-shop\"><a class=\"button wc-backward\" href=\"https:\/\/corpmedec.med.ec\/?page_id=6\">Regresa a Productos<\/a><\/p><\/div>\n\t\t\t\t\t<\/div>\n\t<\/div>\n\n\n\t\t<\/div>\n\t<\/div>\n<\/div><\/div><\/div><\/div>\n<\/div>","protected":false},"excerpt":{"rendered":"Tu lista est\u00e1 vac\u00eda, a\u00f1ade productos a la lista para enviar una solicitudRegresa a Productos","protected":false},"author":1,"featured_media":0,"parent":0,"menu_order":0,"comment_status":"closed","ping_status":"closed","template":"","meta":{"footnotes":""},"class_list":["post-7266","page","type-page","status-publish","hentry"],"_links":{"self":[{"href":"https:\/\/corpmedec.med.ec\/index.php?rest_route=\/wp\/v2\/pages\/7266","targetHints":{"allow":["GET"]}}],"collection":[{"href":"https:\/\/corpmedec.med.ec\/index.php?rest_route=\/wp\/v2\/pages"}],"about":[{"href":"https:\/\/corpmedec.med.ec\/index.php?rest_route=\/wp\/v2\/types\/page"}],"author":[{"embeddable":true,"href":"https:\/\/corpmedec.med.ec\/index.php?rest_route=\/wp\/v2\/users\/1"}],"replies":[{"embeddable":true,"href":"https:\/\/corpmedec.med.ec\/index.php?rest_route=%2Fwp%2Fv2%2Fcomments&post=7266"}],"version-history":[{"count":5,"href":"https:\/\/corpmedec.med.ec\/index.php?rest_route=\/wp\/v2\/pages\/7266\/revisions"}],"predecessor-version":[{"id":8460,"href":"https:\/\/corpmedec.med.ec\/index.php?rest_route=\/wp\/v2\/pages\/7266\/revisions\/8460"}],"wp:attachment":[{"href":"https:\/\/corpmedec.med.ec\/index.php?rest_route=%2Fwp%2Fv2%2Fmedia&parent=7266"}],"curies":[{"name":"wp","href":"https:\/\/api.w.org\/{rel}","templated":true}]}}