{"id":7604,"date":"2022-11-14T19:26:53","date_gmt":"2022-11-14T19:26:53","guid":{"rendered":"https:\/\/corpmedec.med.ec\/?post_type=product&#038;p=7604"},"modified":"2025-06-16T21:51:19","modified_gmt":"2025-06-16T21:51:19","slug":"circuito-universal-para-maquina-de-anestesia","status":"publish","type":"product","link":"https:\/\/corpmedec.med.ec\/?product=circuito-universal-para-maquina-de-anestesia","title":{"rendered":"CIRCUITO DE ANESTESIA (EXTENSIBLE)"},"content":{"rendered":"<div class=\"wpb-content-wrapper\"><div class=\"vc_row wpb_row vc_row-fluid\"><div class=\"wpb_column vc_column_container vc_col-sm-12\"><div class=\"vc_column-inner\"><div class=\"wpb_wrapper\">\n\t<div class=\"wpb_text_column wpb_content_element\" >\n\t\t<div class=\"wpb_wrapper\">\n\t\t\t<p>El circuito respiratorio se utiliza en combinaci\u00f3n con una m\u00e1quina de anestesia, una m\u00e1quina respiratoria o un humidificador para establecer un conducto respiratorio para los pacientes.<\/p>\n\n\t\t<\/div>\n\t<\/div>\n<\/div><\/div><\/div><\/div><div class=\"vc_row wpb_row vc_row-fluid\"><div class=\"wpb_column vc_column_container vc_col-sm-12\"><div class=\"vc_column-inner\"><div class=\"wpb_wrapper\">\t\t\t<link rel=\"stylesheet\" id=\"wd-list-css\" href=\"https:\/\/corpmedec.med.ec\/wp-content\/themes\/woodmart\/css\/parts\/el-list.min.css?ver=6.5.4\" type=\"text\/css\" media=\"all\" \/> \t\t\t\n\t\t<ul class=\" wd-rs-68508dfeac3dc wd-list wd-wpb color-scheme- wd-fontsize-xs wd-list-type-icon wd-list-style-default wd-justify-left \" id=\"wd-68508dfeac3dc\">\n\t\t\t\t\t\t\t\t\t\t\t<li>\n\t\t\t\t\t<span class=\"list-icon fas fa-arrow-alt-circle-right\"><\/span>\n\t\t\t\t\t<span class=\"list-content\">Alta tasa de estiramiento, la longitud se puede ajustar. Buena sensaci\u00f3n de la mano al desplegar\/plegar<\/span>\n\t\t\t\t\t\t\t\t\t<\/li>\n\t\t\t\t\t\t\t\t\t\t\t<li>\n\t\t\t\t\t<span class=\"list-icon fas fa-arrow-alt-circle-right\"><\/span>\n\t\t\t\t\t<span class=\"list-content\">Proceso de extrusi\u00f3n de pl\u00e1stico optimizado para productos ultraligeros y ahorro de espacio de almacenamiento<\/span>\n\t\t\t\t\t\t\t\t\t<\/li>\n\t\t\t\t\t\t\t\t\t\t\t<li>\n\t\t\t\t\t<span class=\"list-icon fas fa-arrow-alt-circle-right\"><\/span>\n\t\t\t\t\t<span class=\"list-content\">Interfaz est\u00e1ndar ISO, buena hermeticidad cuando se conecta con HMEF, extremidad de anestesia extensible y otros accesorios<\/span>\n\t\t\t\t\t\t\t\t\t<\/li>\n\t\t\t\t\t<\/ul>\n\t\t<\/div><\/div><\/div><\/div>\n<\/div>","protected":false},"excerpt":{"rendered":"El circuito respiratorio se utiliza en combinaci\u00f3n con una m\u00e1quina de anestesia, una m\u00e1quina respiratoria o un humidificador para establecer","protected":false},"featured_media":7605,"template":"","meta":[],"product_brand":[],"product_cat":[71,186],"product_tag":[],"class_list":{"0":"post-7604","1":"product","2":"type-product","3":"status-publish","4":"has-post-thumbnail","6":"product_cat-dispositivos-medicos","7":"product_cat-terapia-respiratoria","9":"first","10":"instock","11":"shipping-taxable","12":"product-type-simple"},"_links":{"self":[{"href":"https:\/\/corpmedec.med.ec\/index.php?rest_route=\/wp\/v2\/product\/7604","targetHints":{"allow":["GET"]}}],"collection":[{"href":"https:\/\/corpmedec.med.ec\/index.php?rest_route=\/wp\/v2\/product"}],"about":[{"href":"https:\/\/corpmedec.med.ec\/index.php?rest_route=\/wp\/v2\/types\/product"}],"wp:featuredmedia":[{"embeddable":true,"href":"https:\/\/corpmedec.med.ec\/index.php?rest_route=\/wp\/v2\/media\/7605"}],"wp:attachment":[{"href":"https:\/\/corpmedec.med.ec\/index.php?rest_route=%2Fwp%2Fv2%2Fmedia&parent=7604"}],"wp:term":[{"taxonomy":"product_brand","embeddable":true,"href":"https:\/\/corpmedec.med.ec\/index.php?rest_route=%2Fwp%2Fv2%2Fproduct_brand&post=7604"},{"taxonomy":"product_cat","embeddable":true,"href":"https:\/\/corpmedec.med.ec\/index.php?rest_route=%2Fwp%2Fv2%2Fproduct_cat&post=7604"},{"taxonomy":"product_tag","embeddable":true,"href":"https:\/\/corpmedec.med.ec\/index.php?rest_route=%2Fwp%2Fv2%2Fproduct_tag&post=7604"}],"curies":[{"name":"wp","href":"https:\/\/api.w.org\/{rel}","templated":true}]}}