{"id":7623,"date":"2022-11-15T13:30:35","date_gmt":"2022-11-15T13:30:35","guid":{"rendered":"https:\/\/corpmedec.med.ec\/?post_type=product&#038;p=7623"},"modified":"2022-12-01T15:09:47","modified_gmt":"2022-12-01T15:09:47","slug":"tubo-endotraqueal-7-con-balon","status":"publish","type":"product","link":"https:\/\/corpmedec.med.ec\/?product=tubo-endotraqueal-7-con-balon","title":{"rendered":"TUBO ENDOTRAQUEAL # 7 CON BAL\u00d3N"},"content":{"rendered":"<div class=\"wpb-content-wrapper\"><div class=\"vc_row wpb_row vc_row-fluid\">\t\t\t<link rel=\"stylesheet\" id=\"wd-int-el-animations-css\" href=\"https:\/\/corpmedec.med.ec\/wp-content\/themes\/woodmart\/css\/parts\/int-wbp-el-animations.min.css?ver=6.5.4\" type=\"text\/css\" media=\"all\" \/> \t\t\t<div class=\"wpb_column vc_column_container vc_col-sm-12\"><div class=\"vc_column-inner\"><div class=\"wpb_wrapper\">\t\t\t<link rel=\"stylesheet\" id=\"wd-list-css\" href=\"https:\/\/corpmedec.med.ec\/wp-content\/themes\/woodmart\/css\/parts\/el-list.min.css?ver=6.5.4\" type=\"text\/css\" media=\"all\" \/> \t\t\t\n\t\t<ul class=\" wd-rs-637394e43e612 wd-list wd-wpb color-scheme- wd-fontsize-s wd-list-type-icon wd-list-style-default wd-justify-left wd-off-anim wpb_animate_when_almost_visible wpb_fadeInUp fadeInUp wd-anim-name_fadeInUp \" id=\"wd-637394e43e612\">\n\t\t\t\t\t\t\t\t\t\t\t<li>\n\t\t\t\t\t<span class=\"list-icon vc-oi vc-oi-right-circle\"><\/span>\n\t\t\t\t\t<span class=\"list-content\">Est\u00e9ril y desechable.\n\n\n\n\n\n\n\n\n<\/span>\n\t\t\t\t\t\t\t\t\t<\/li>\n\t\t\t\t\t\t\t\t\t\t\t<li>\n\t\t\t\t\t<span class=\"list-icon vc-oi vc-oi-right-circle\"><\/span>\n\t\t\t\t\t<span class=\"list-content\">Punta suave para reducir el trauma durante intubaci\u00f3n.\n<\/span>\n\t\t\t\t\t\t\t\t\t<\/li>\n\t\t\t\t\t\t\t\t\t\t\t<li>\n\t\t\t\t\t<span class=\"list-icon vc-oi vc-oi-right-circle\"><\/span>\n\t\t\t\t\t<span class=\"list-content\">Bal\u00f3n de alto volumen y baja presi\u00f3n.\n\n\n\n<\/span>\n\t\t\t\t\t\t\t\t\t<\/li>\n\t\t\t\t\t\t\t\t\t\t\t<li>\n\t\t\t\t\t<span class=\"list-icon vc-oi vc-oi-right-circle\"><\/span>\n\t\t\t\t\t<span class=\"list-content\">Para uso oral y nasal.<\/span>\n\t\t\t\t\t\t\t\t\t<\/li>\n\t\t\t\t\t<\/ul>\n\t\t<\/div><\/div><\/div><\/div>\n<\/div>","protected":false},"excerpt":{"rendered":"Est\u00e9ril y desechable. Punta suave para reducir el trauma durante intubaci\u00f3n. Bal\u00f3n de alto volumen y baja presi\u00f3n. Para uso","protected":false},"featured_media":7624,"template":"","meta":[],"product_brand":[],"product_cat":[71,186],"product_tag":[],"class_list":{"0":"post-7623","1":"product","2":"type-product","3":"status-publish","4":"has-post-thumbnail","6":"product_cat-dispositivos-medicos","7":"product_cat-terapia-respiratoria","9":"first","10":"instock","11":"featured","12":"shipping-taxable","13":"product-type-simple"},"_links":{"self":[{"href":"https:\/\/corpmedec.med.ec\/index.php?rest_route=\/wp\/v2\/product\/7623","targetHints":{"allow":["GET"]}}],"collection":[{"href":"https:\/\/corpmedec.med.ec\/index.php?rest_route=\/wp\/v2\/product"}],"about":[{"href":"https:\/\/corpmedec.med.ec\/index.php?rest_route=\/wp\/v2\/types\/product"}],"wp:featuredmedia":[{"embeddable":true,"href":"https:\/\/corpmedec.med.ec\/index.php?rest_route=\/wp\/v2\/media\/7624"}],"wp:attachment":[{"href":"https:\/\/corpmedec.med.ec\/index.php?rest_route=%2Fwp%2Fv2%2Fmedia&parent=7623"}],"wp:term":[{"taxonomy":"product_brand","embeddable":true,"href":"https:\/\/corpmedec.med.ec\/index.php?rest_route=%2Fwp%2Fv2%2Fproduct_brand&post=7623"},{"taxonomy":"product_cat","embeddable":true,"href":"https:\/\/corpmedec.med.ec\/index.php?rest_route=%2Fwp%2Fv2%2Fproduct_cat&post=7623"},{"taxonomy":"product_tag","embeddable":true,"href":"https:\/\/corpmedec.med.ec\/index.php?rest_route=%2Fwp%2Fv2%2Fproduct_tag&post=7623"}],"curies":[{"name":"wp","href":"https:\/\/api.w.org\/{rel}","templated":true}]}}