{"id":7666,"date":"2022-11-15T21:55:42","date_gmt":"2022-11-15T21:55:42","guid":{"rendered":"https:\/\/corpmedec.med.ec\/?post_type=product&#038;p=7666"},"modified":"2023-12-18T20:02:45","modified_gmt":"2023-12-18T20:02:45","slug":"funda-de-papel-grado-medico-para-esterilizar-a-gas-o-vapor","status":"publish","type":"product","link":"https:\/\/corpmedec.med.ec\/?product=funda-de-papel-grado-medico-para-esterilizar-a-gas-o-vapor","title":{"rendered":"FUNDA DE PAPEL GRADO MEDICO PARA ESTERILIZAR A GAS O VAPOR"},"content":{"rendered":"<div class=\"wpb-content-wrapper\"><div class=\"vc_row wpb_row vc_row-fluid\">\t\t\t<link rel=\"stylesheet\" id=\"wd-int-el-animations-css\" href=\"https:\/\/corpmedec.med.ec\/wp-content\/themes\/woodmart\/css\/parts\/int-wbp-el-animations.min.css?ver=6.5.4\" type=\"text\/css\" media=\"all\" \/> \t\t\t<div class=\"wpb_column vc_column_container vc_col-sm-12\"><div class=\"vc_column-inner\"><div class=\"wpb_wrapper\">\t\t\t<link rel=\"stylesheet\" id=\"wd-list-css\" href=\"https:\/\/corpmedec.med.ec\/wp-content\/themes\/woodmart\/css\/parts\/el-list.min.css?ver=6.5.4\" type=\"text\/css\" media=\"all\" \/> \t\t\t\n\t\t<ul class=\" wd-rs-637403dd706cc wd-list wd-wpb color-scheme- wd-fontsize-s wd-list-type-icon wd-list-style-default wd-justify-left wd-off-anim wpb_animate_when_almost_visible wpb_fadeInUp fadeInUp wd-anim-name_fadeInUp \" id=\"wd-637403dd706cc\">\n\t\t\t\t\t\t\t\t\t\t\t<li>\n\t\t\t\t\t<span class=\"list-icon vc-oi vc-oi-right-circle\"><\/span>\n\t\t\t\t\t<span class=\"list-content\">Pel\u00edcula transparente de 52 micrones.\n\n\n<\/span>\n\t\t\t\t\t\t\t\t\t<\/li>\n\t\t\t\t\t\t\t\t\t\t\t<li>\n\t\t\t\t\t<span class=\"list-icon vc-oi vc-oi-right-circle\"><\/span>\n\t\t\t\t\t<span class=\"list-content\">Funda con autoadhesivo.\n\n\n\n<\/span>\n\t\t\t\t\t\t\t\t\t<\/li>\n\t\t\t\t\t\t\t\t\t\t\t<li>\n\t\t\t\t\t<span class=\"list-icon vc-oi vc-oi-right-circle\"><\/span>\n\t\t\t\t\t<span class=\"list-content\">Dos indicadores de esterilizaci\u00f3n: Vapor y \u00d3xido de etileno.\n\n<\/span>\n\t\t\t\t\t\t\t\t\t<\/li>\n\t\t\t\t\t\t\t\t\t\t\t<li>\n\t\t\t\t\t<span class=\"list-icon vc-oi vc-oi-right-circle\"><\/span>\n\t\t\t\t\t<span class=\"list-content\">Libre de l\u00e1tex.<\/span>\n\t\t\t\t\t\t\t\t\t<\/li>\n\t\t\t\t\t<\/ul>\n\t\t<\/div><\/div><\/div><\/div><div class=\"vc_row wpb_row vc_row-fluid\"><div class=\"wpb_column vc_column_container vc_col-sm-12\"><div class=\"vc_column-inner\"><div class=\"wpb_wrapper\">\n\t<div  class=\"wpb_single_image wpb_content_element vc_align_left\">\n\t\t\n\t\t<figure class=\"wpb_wrapper vc_figure\">\n\t\t\t<a class=\"\" data-lightbox=\"lightbox[rel-7666-1340538439]\" href=\"https:\/\/corpmedec.med.ec\/wp-content\/uploads\/2022\/11\/medidas-fundas.png\" target=\"_self\" class=\"vc_single_image-wrapper   vc_box_border_grey\"><\/a>\n\t\t<\/figure>\n\t<\/div>\n<\/div><\/div><\/div><\/div>\n<\/div>","protected":false},"excerpt":{"rendered":"Pel\u00edcula transparente de 52 micrones. Funda con autoadhesivo. Dos indicadores de esterilizaci\u00f3n: Vapor y \u00d3xido de etileno. Libre de l\u00e1tex.","protected":false},"featured_media":7667,"template":"","meta":[],"product_brand":[],"product_cat":[71,189],"product_tag":[],"class_list":{"0":"post-7666","1":"product","2":"type-product","3":"status-publish","4":"has-post-thumbnail","6":"product_cat-dispositivos-medicos","7":"product_cat-esterilizacion","9":"first","10":"instock","11":"shipping-taxable","12":"product-type-simple"},"_links":{"self":[{"href":"https:\/\/corpmedec.med.ec\/index.php?rest_route=\/wp\/v2\/product\/7666","targetHints":{"allow":["GET"]}}],"collection":[{"href":"https:\/\/corpmedec.med.ec\/index.php?rest_route=\/wp\/v2\/product"}],"about":[{"href":"https:\/\/corpmedec.med.ec\/index.php?rest_route=\/wp\/v2\/types\/product"}],"wp:featuredmedia":[{"embeddable":true,"href":"https:\/\/corpmedec.med.ec\/index.php?rest_route=\/wp\/v2\/media\/7667"}],"wp:attachment":[{"href":"https:\/\/corpmedec.med.ec\/index.php?rest_route=%2Fwp%2Fv2%2Fmedia&parent=7666"}],"wp:term":[{"taxonomy":"product_brand","embeddable":true,"href":"https:\/\/corpmedec.med.ec\/index.php?rest_route=%2Fwp%2Fv2%2Fproduct_brand&post=7666"},{"taxonomy":"product_cat","embeddable":true,"href":"https:\/\/corpmedec.med.ec\/index.php?rest_route=%2Fwp%2Fv2%2Fproduct_cat&post=7666"},{"taxonomy":"product_tag","embeddable":true,"href":"https:\/\/corpmedec.med.ec\/index.php?rest_route=%2Fwp%2Fv2%2Fproduct_tag&post=7666"}],"curies":[{"name":"wp","href":"https:\/\/api.w.org\/{rel}","templated":true}]}}