{"id":7694,"date":"2022-11-16T17:14:29","date_gmt":"2022-11-16T17:14:29","guid":{"rendered":"https:\/\/corpmedec.med.ec\/?post_type=product&#038;p=7694"},"modified":"2023-12-27T20:22:07","modified_gmt":"2023-12-27T20:22:07","slug":"bolsa-para-embalaje-de-cadaver","status":"publish","type":"product","link":"https:\/\/corpmedec.med.ec\/?product=bolsa-para-embalaje-de-cadaver","title":{"rendered":"BOLSA PARA EMBALAJE DE CADAVER"},"content":{"rendered":"<div class=\"wpb-content-wrapper\"><div class=\"vc_row wpb_row vc_row-fluid\">\t\t\t<link rel=\"stylesheet\" id=\"wd-int-el-animations-css\" href=\"https:\/\/corpmedec.med.ec\/wp-content\/themes\/woodmart\/css\/parts\/int-wbp-el-animations.min.css?ver=6.5.4\" type=\"text\/css\" media=\"all\" \/> \t\t\t<div class=\"wpb_column vc_column_container vc_col-sm-12\"><div class=\"vc_column-inner\"><div class=\"wpb_wrapper\">\t\t\t<link rel=\"stylesheet\" id=\"wd-list-css\" href=\"https:\/\/corpmedec.med.ec\/wp-content\/themes\/woodmart\/css\/parts\/el-list.min.css?ver=6.5.4\" type=\"text\/css\" media=\"all\" \/> \t\t\t\n\t\t<ul class=\" wd-rs-63751b5282e68 wd-list wd-wpb color-scheme- wd-fontsize-s wd-list-type-icon wd-list-style-default wd-justify-left wd-off-anim wpb_animate_when_almost_visible wpb_fadeInUp fadeInUp wd-anim-name_fadeInUp \" id=\"wd-63751b5282e68\">\n\t\t\t\t\t\t\t\t\t\t\t<li>\n\t\t\t\t\t<span class=\"list-icon vc-oi vc-oi-right-circle\"><\/span>\n\t\t\t\t\t<span class=\"list-content\">Pol\u00edmero vin\u00edlico, polietileno impermeable 100%, termosellado.\n\n\n\n<\/span>\n\t\t\t\t\t\t\t\t\t<\/li>\n\t\t\t\t\t\t\t\t\t\t\t<li>\n\t\t\t\t\t<span class=\"list-icon vc-oi vc-oi-right-circle\"><\/span>\n\t\t\t\t\t<span class=\"list-content\">A prueba de derrames de fluidos.\n\n\n\n\n\n\n\n\n\n\n\n\n\n\n\n<\/span>\n\t\t\t\t\t\t\t\t\t<\/li>\n\t\t\t\t\t\t\t\t\t\t\t<li>\n\t\t\t\t\t<span class=\"list-icon vc-oi vc-oi-right-circle\"><\/span>\n\t\t\t\t\t<span class=\"list-content\">Resistente a la humedad.\n<\/span>\n\t\t\t\t\t\t\t\t\t<\/li>\n\t\t\t\t\t\t\t\t\t\t\t<li>\n\t\t\t\t\t<span class=\"list-icon vc-oi vc-oi-right-circle\"><\/span>\n\t\t\t\t\t<span class=\"list-content\">Presentaci\u00f3n: Adulto \/ Pedi\u00e1trica.<\/span>\n\t\t\t\t\t\t\t\t\t<\/li>\n\t\t\t\t\t<\/ul>\n\t\t<\/div><\/div><\/div><\/div>\n<\/div>","protected":false},"excerpt":{"rendered":"Pol\u00edmero vin\u00edlico, polietileno impermeable 100%, termosellado. A prueba de derrames de fluidos. Resistente a la humedad. Presentaci\u00f3n: Adulto \/ Pedi\u00e1trica.","protected":false},"featured_media":8103,"template":"","meta":[],"product_brand":[],"product_cat":[71,191],"product_tag":[],"class_list":{"0":"post-7694","1":"product","2":"type-product","3":"status-publish","4":"has-post-thumbnail","6":"product_cat-dispositivos-medicos","7":"product_cat-otros","9":"first","10":"instock","11":"shipping-taxable","12":"product-type-simple"},"_links":{"self":[{"href":"https:\/\/corpmedec.med.ec\/index.php?rest_route=\/wp\/v2\/product\/7694","targetHints":{"allow":["GET"]}}],"collection":[{"href":"https:\/\/corpmedec.med.ec\/index.php?rest_route=\/wp\/v2\/product"}],"about":[{"href":"https:\/\/corpmedec.med.ec\/index.php?rest_route=\/wp\/v2\/types\/product"}],"wp:featuredmedia":[{"embeddable":true,"href":"https:\/\/corpmedec.med.ec\/index.php?rest_route=\/wp\/v2\/media\/8103"}],"wp:attachment":[{"href":"https:\/\/corpmedec.med.ec\/index.php?rest_route=%2Fwp%2Fv2%2Fmedia&parent=7694"}],"wp:term":[{"taxonomy":"product_brand","embeddable":true,"href":"https:\/\/corpmedec.med.ec\/index.php?rest_route=%2Fwp%2Fv2%2Fproduct_brand&post=7694"},{"taxonomy":"product_cat","embeddable":true,"href":"https:\/\/corpmedec.med.ec\/index.php?rest_route=%2Fwp%2Fv2%2Fproduct_cat&post=7694"},{"taxonomy":"product_tag","embeddable":true,"href":"https:\/\/corpmedec.med.ec\/index.php?rest_route=%2Fwp%2Fv2%2Fproduct_tag&post=7694"}],"curies":[{"name":"wp","href":"https:\/\/api.w.org\/{rel}","templated":true}]}}