{"id":7863,"date":"2023-06-21T21:34:10","date_gmt":"2023-06-21T21:34:10","guid":{"rendered":"https:\/\/corpmedec.med.ec\/?post_type=product&#038;p=7863"},"modified":"2024-02-02T18:04:05","modified_gmt":"2024-02-02T18:04:05","slug":"mascarilla-nebulizadora","status":"publish","type":"product","link":"https:\/\/corpmedec.med.ec\/?product=mascarilla-nebulizadora","title":{"rendered":"MASCARILLA NEBULIZADORA"},"content":{"rendered":"<ul>\n<li>Flexible y anat\u00f3mica con bordes a traum\u00e1ticos.<\/li>\n<li>Orificios laterales.<\/li>\n<li>Clip met\u00e1lico ajustable a la nariz.<\/li>\n<li>Varios tama\u00f1os.<\/li>\n<\/ul>\n","protected":false},"excerpt":{"rendered":"<p>Flexible y anat\u00f3mica con bordes a traum\u00e1ticos. Orificios laterales. Clip met\u00e1lico ajustable a la nariz. Varios tama\u00f1os.<\/p>\n","protected":false},"featured_media":8271,"template":"","meta":[],"product_brand":[],"product_cat":[186],"product_tag":[],"class_list":{"0":"post-7863","1":"product","2":"type-product","3":"status-publish","4":"has-post-thumbnail","6":"product_cat-terapia-respiratoria","8":"first","9":"instock","10":"shipping-taxable","11":"product-type-simple"},"_links":{"self":[{"href":"https:\/\/corpmedec.med.ec\/index.php?rest_route=\/wp\/v2\/product\/7863","targetHints":{"allow":["GET"]}}],"collection":[{"href":"https:\/\/corpmedec.med.ec\/index.php?rest_route=\/wp\/v2\/product"}],"about":[{"href":"https:\/\/corpmedec.med.ec\/index.php?rest_route=\/wp\/v2\/types\/product"}],"wp:featuredmedia":[{"embeddable":true,"href":"https:\/\/corpmedec.med.ec\/index.php?rest_route=\/wp\/v2\/media\/8271"}],"wp:attachment":[{"href":"https:\/\/corpmedec.med.ec\/index.php?rest_route=%2Fwp%2Fv2%2Fmedia&parent=7863"}],"wp:term":[{"taxonomy":"product_brand","embeddable":true,"href":"https:\/\/corpmedec.med.ec\/index.php?rest_route=%2Fwp%2Fv2%2Fproduct_brand&post=7863"},{"taxonomy":"product_cat","embeddable":true,"href":"https:\/\/corpmedec.med.ec\/index.php?rest_route=%2Fwp%2Fv2%2Fproduct_cat&post=7863"},{"taxonomy":"product_tag","embeddable":true,"href":"https:\/\/corpmedec.med.ec\/index.php?rest_route=%2Fwp%2Fv2%2Fproduct_tag&post=7863"}],"curies":[{"name":"wp","href":"https:\/\/api.w.org\/{rel}","templated":true}]}}