{"id":7869,"date":"2023-06-21T22:06:31","date_gmt":"2023-06-21T22:06:31","guid":{"rendered":"https:\/\/corpmedec.med.ec\/?post_type=product&#038;p=7869"},"modified":"2023-06-21T22:06:31","modified_gmt":"2023-06-21T22:06:31","slug":"tubo-de-oxigeno","status":"publish","type":"product","link":"https:\/\/corpmedec.med.ec\/?product=tubo-de-oxigeno","title":{"rendered":"TUBO DE OX\u00cdGENO"},"content":{"rendered":"<ul>\n<li>Tubo de seguridad de seis canales.<\/li>\n<li>Conector de ox\u00edgeno \u00abHembra\u00bb est\u00e1ndar.<\/li>\n<li>Resistente a la corrosi\u00f3n para un fluido de ox\u00edgeno ininterrumpido.<\/li>\n<li>Presentaci\u00f3n individual.<\/li>\n<\/ul>\n","protected":false},"excerpt":{"rendered":"<p>Tubo de seguridad de seis canales. Conector de ox\u00edgeno \u00abHembra\u00bb est\u00e1ndar. Resistente a la corrosi\u00f3n para un fluido de ox\u00edgeno<\/p>\n","protected":false},"featured_media":7870,"template":"","meta":[],"product_brand":[],"product_cat":[186],"product_tag":[],"class_list":{"0":"post-7869","1":"product","2":"type-product","3":"status-publish","4":"has-post-thumbnail","6":"product_cat-terapia-respiratoria","8":"first","9":"instock","10":"shipping-taxable","11":"product-type-simple"},"_links":{"self":[{"href":"https:\/\/corpmedec.med.ec\/index.php?rest_route=\/wp\/v2\/product\/7869","targetHints":{"allow":["GET"]}}],"collection":[{"href":"https:\/\/corpmedec.med.ec\/index.php?rest_route=\/wp\/v2\/product"}],"about":[{"href":"https:\/\/corpmedec.med.ec\/index.php?rest_route=\/wp\/v2\/types\/product"}],"wp:featuredmedia":[{"embeddable":true,"href":"https:\/\/corpmedec.med.ec\/index.php?rest_route=\/wp\/v2\/media\/7870"}],"wp:attachment":[{"href":"https:\/\/corpmedec.med.ec\/index.php?rest_route=%2Fwp%2Fv2%2Fmedia&parent=7869"}],"wp:term":[{"taxonomy":"product_brand","embeddable":true,"href":"https:\/\/corpmedec.med.ec\/index.php?rest_route=%2Fwp%2Fv2%2Fproduct_brand&post=7869"},{"taxonomy":"product_cat","embeddable":true,"href":"https:\/\/corpmedec.med.ec\/index.php?rest_route=%2Fwp%2Fv2%2Fproduct_cat&post=7869"},{"taxonomy":"product_tag","embeddable":true,"href":"https:\/\/corpmedec.med.ec\/index.php?rest_route=%2Fwp%2Fv2%2Fproduct_tag&post=7869"}],"curies":[{"name":"wp","href":"https:\/\/api.w.org\/{rel}","templated":true}]}}