{"id":7871,"date":"2023-06-22T15:04:40","date_gmt":"2023-06-22T15:04:40","guid":{"rendered":"https:\/\/corpmedec.med.ec\/?post_type=product&#038;p=7871"},"modified":"2023-06-22T15:09:28","modified_gmt":"2023-06-22T15:09:28","slug":"mascara-de-oxigeno","status":"publish","type":"product","link":"https:\/\/corpmedec.med.ec\/?product=mascara-de-oxigeno","title":{"rendered":"M\u00c1SCARA DE OX\u00cdGENO"},"content":{"rendered":"<ul>\n<li>Concentraci\u00f3n media.<\/li>\n<li>Forma anat\u00f3mica y suave, asegurando confort.<\/li>\n<li>Dise\u00f1o ergon\u00f3mico y sellado perfecto.<\/li>\n<li>Varios tama\u00f1os.<\/li>\n<\/ul>\n","protected":false},"excerpt":{"rendered":"<p>Concentraci\u00f3n media. Forma anat\u00f3mica y suave, asegurando confort. Dise\u00f1o ergon\u00f3mico y sellado perfecto. Varios tama\u00f1os.<\/p>\n","protected":false},"featured_media":7872,"template":"","meta":[],"product_brand":[],"product_cat":[186],"product_tag":[],"class_list":{"0":"post-7871","1":"product","2":"type-product","3":"status-publish","4":"has-post-thumbnail","6":"product_cat-terapia-respiratoria","8":"first","9":"instock","10":"shipping-taxable","11":"product-type-simple"},"_links":{"self":[{"href":"https:\/\/corpmedec.med.ec\/index.php?rest_route=\/wp\/v2\/product\/7871","targetHints":{"allow":["GET"]}}],"collection":[{"href":"https:\/\/corpmedec.med.ec\/index.php?rest_route=\/wp\/v2\/product"}],"about":[{"href":"https:\/\/corpmedec.med.ec\/index.php?rest_route=\/wp\/v2\/types\/product"}],"wp:featuredmedia":[{"embeddable":true,"href":"https:\/\/corpmedec.med.ec\/index.php?rest_route=\/wp\/v2\/media\/7872"}],"wp:attachment":[{"href":"https:\/\/corpmedec.med.ec\/index.php?rest_route=%2Fwp%2Fv2%2Fmedia&parent=7871"}],"wp:term":[{"taxonomy":"product_brand","embeddable":true,"href":"https:\/\/corpmedec.med.ec\/index.php?rest_route=%2Fwp%2Fv2%2Fproduct_brand&post=7871"},{"taxonomy":"product_cat","embeddable":true,"href":"https:\/\/corpmedec.med.ec\/index.php?rest_route=%2Fwp%2Fv2%2Fproduct_cat&post=7871"},{"taxonomy":"product_tag","embeddable":true,"href":"https:\/\/corpmedec.med.ec\/index.php?rest_route=%2Fwp%2Fv2%2Fproduct_tag&post=7871"}],"curies":[{"name":"wp","href":"https:\/\/api.w.org\/{rel}","templated":true}]}}