{"id":7873,"date":"2023-06-22T15:20:14","date_gmt":"2023-06-22T15:20:14","guid":{"rendered":"https:\/\/corpmedec.med.ec\/?post_type=product&#038;p=7873"},"modified":"2023-06-22T15:34:18","modified_gmt":"2023-06-22T15:34:18","slug":"mascara-venturi","status":"publish","type":"product","link":"https:\/\/corpmedec.med.ec\/?product=mascara-venturi","title":{"rendered":"M\u00c1SCARA VENTURI"},"content":{"rendered":"<ul>\n<li>Con nebulizador de flujo central.<\/li>\n<li>Dise\u00f1o ergon\u00f3mico y sellado perfecto.<\/li>\n<li>Fabricado en PVC grado m\u00e9dico.<\/li>\n<li>Varios tama\u00f1os.<\/li>\n<\/ul>\n","protected":false},"excerpt":{"rendered":"<p>Con nebulizador de flujo central. Dise\u00f1o ergon\u00f3mico y sellado perfecto. Fabricado en PVC grado m\u00e9dico. Varios tama\u00f1os.<\/p>\n","protected":false},"featured_media":7874,"template":"","meta":[],"product_brand":[],"product_cat":[186],"product_tag":[],"class_list":{"0":"post-7873","1":"product","2":"type-product","3":"status-publish","4":"has-post-thumbnail","6":"product_cat-terapia-respiratoria","8":"first","9":"instock","10":"shipping-taxable","11":"product-type-simple"},"_links":{"self":[{"href":"https:\/\/corpmedec.med.ec\/index.php?rest_route=\/wp\/v2\/product\/7873","targetHints":{"allow":["GET"]}}],"collection":[{"href":"https:\/\/corpmedec.med.ec\/index.php?rest_route=\/wp\/v2\/product"}],"about":[{"href":"https:\/\/corpmedec.med.ec\/index.php?rest_route=\/wp\/v2\/types\/product"}],"wp:featuredmedia":[{"embeddable":true,"href":"https:\/\/corpmedec.med.ec\/index.php?rest_route=\/wp\/v2\/media\/7874"}],"wp:attachment":[{"href":"https:\/\/corpmedec.med.ec\/index.php?rest_route=%2Fwp%2Fv2%2Fmedia&parent=7873"}],"wp:term":[{"taxonomy":"product_brand","embeddable":true,"href":"https:\/\/corpmedec.med.ec\/index.php?rest_route=%2Fwp%2Fv2%2Fproduct_brand&post=7873"},{"taxonomy":"product_cat","embeddable":true,"href":"https:\/\/corpmedec.med.ec\/index.php?rest_route=%2Fwp%2Fv2%2Fproduct_cat&post=7873"},{"taxonomy":"product_tag","embeddable":true,"href":"https:\/\/corpmedec.med.ec\/index.php?rest_route=%2Fwp%2Fv2%2Fproduct_tag&post=7873"}],"curies":[{"name":"wp","href":"https:\/\/api.w.org\/{rel}","templated":true}]}}