{"id":7875,"date":"2023-06-22T18:07:21","date_gmt":"2023-06-22T18:07:21","guid":{"rendered":"https:\/\/corpmedec.med.ec\/?post_type=product&#038;p=7875"},"modified":"2023-06-22T18:07:21","modified_gmt":"2023-06-22T18:07:21","slug":"cateter-de-succion-cerrado","status":"publish","type":"product","link":"https:\/\/corpmedec.med.ec\/?product=cateter-de-succion-cerrado","title":{"rendered":"CAT\u00c9TER DE SUCCI\u00d3N CERRADO"},"content":{"rendered":"<ul>\n<li>Manga compacta para prevenir la infiltraci\u00f3n de sangre y esputo.<\/li>\n<li>Graduaci\u00f3n para medici\u00f3n.<\/li>\n<li>Recomendado para el uso en pacientes hasta por 72 horas.<\/li>\n<li>PVC grado m\u00e9dico, libre de l\u00e1tex.<\/li>\n<\/ul>\n","protected":false},"excerpt":{"rendered":"<p>Manga compacta para prevenir la infiltraci\u00f3n de sangre y esputo. Graduaci\u00f3n para medici\u00f3n. Recomendado para el uso en pacientes hasta<\/p>\n","protected":false},"featured_media":7876,"template":"","meta":[],"product_brand":[],"product_cat":[186],"product_tag":[],"class_list":{"0":"post-7875","1":"product","2":"type-product","3":"status-publish","4":"has-post-thumbnail","6":"product_cat-terapia-respiratoria","8":"first","9":"instock","10":"shipping-taxable","11":"product-type-simple"},"_links":{"self":[{"href":"https:\/\/corpmedec.med.ec\/index.php?rest_route=\/wp\/v2\/product\/7875","targetHints":{"allow":["GET"]}}],"collection":[{"href":"https:\/\/corpmedec.med.ec\/index.php?rest_route=\/wp\/v2\/product"}],"about":[{"href":"https:\/\/corpmedec.med.ec\/index.php?rest_route=\/wp\/v2\/types\/product"}],"wp:featuredmedia":[{"embeddable":true,"href":"https:\/\/corpmedec.med.ec\/index.php?rest_route=\/wp\/v2\/media\/7876"}],"wp:attachment":[{"href":"https:\/\/corpmedec.med.ec\/index.php?rest_route=%2Fwp%2Fv2%2Fmedia&parent=7875"}],"wp:term":[{"taxonomy":"product_brand","embeddable":true,"href":"https:\/\/corpmedec.med.ec\/index.php?rest_route=%2Fwp%2Fv2%2Fproduct_brand&post=7875"},{"taxonomy":"product_cat","embeddable":true,"href":"https:\/\/corpmedec.med.ec\/index.php?rest_route=%2Fwp%2Fv2%2Fproduct_cat&post=7875"},{"taxonomy":"product_tag","embeddable":true,"href":"https:\/\/corpmedec.med.ec\/index.php?rest_route=%2Fwp%2Fv2%2Fproduct_tag&post=7875"}],"curies":[{"name":"wp","href":"https:\/\/api.w.org\/{rel}","templated":true}]}}