{"id":7877,"date":"2023-06-22T19:35:21","date_gmt":"2023-06-22T19:35:21","guid":{"rendered":"https:\/\/corpmedec.med.ec\/?post_type=product&#038;p=7877"},"modified":"2023-06-22T19:35:59","modified_gmt":"2023-06-22T19:35:59","slug":"cateter-de-succion-valvula-de-control-capon","status":"publish","type":"product","link":"https:\/\/corpmedec.med.ec\/?product=cateter-de-succion-valvula-de-control-capon","title":{"rendered":"CAT\u00c9TER DE SUCCI\u00d3N V\u00c1LVULA DE CONTROL \u00abCAP\u00d3N\u00bb"},"content":{"rendered":"<ul>\n<li>Para la eliminaci\u00f3n de la secreci\u00f3n de Tr\u00e1quea y regi\u00f3n bronquial.<\/li>\n<li>Punta abierta, traum\u00e1tica, suave y redonda, con 2 ojos laterales.<\/li>\n<li>PVC grado m\u00e9dico, libre de l\u00e1tex.<\/li>\n<li>Longitud total: 50-53 cm.<\/li>\n<\/ul>\n","protected":false},"excerpt":{"rendered":"<p>Para la eliminaci\u00f3n de la secreci\u00f3n de Tr\u00e1quea y regi\u00f3n bronquial. Punta abierta, traum\u00e1tica, suave y redonda, con 2 ojos<\/p>\n","protected":false},"featured_media":7878,"template":"","meta":[],"product_brand":[],"product_cat":[186],"product_tag":[],"class_list":{"0":"post-7877","1":"product","2":"type-product","3":"status-publish","4":"has-post-thumbnail","6":"product_cat-terapia-respiratoria","8":"first","9":"instock","10":"shipping-taxable","11":"product-type-simple"},"_links":{"self":[{"href":"https:\/\/corpmedec.med.ec\/index.php?rest_route=\/wp\/v2\/product\/7877","targetHints":{"allow":["GET"]}}],"collection":[{"href":"https:\/\/corpmedec.med.ec\/index.php?rest_route=\/wp\/v2\/product"}],"about":[{"href":"https:\/\/corpmedec.med.ec\/index.php?rest_route=\/wp\/v2\/types\/product"}],"wp:featuredmedia":[{"embeddable":true,"href":"https:\/\/corpmedec.med.ec\/index.php?rest_route=\/wp\/v2\/media\/7878"}],"wp:attachment":[{"href":"https:\/\/corpmedec.med.ec\/index.php?rest_route=%2Fwp%2Fv2%2Fmedia&parent=7877"}],"wp:term":[{"taxonomy":"product_brand","embeddable":true,"href":"https:\/\/corpmedec.med.ec\/index.php?rest_route=%2Fwp%2Fv2%2Fproduct_brand&post=7877"},{"taxonomy":"product_cat","embeddable":true,"href":"https:\/\/corpmedec.med.ec\/index.php?rest_route=%2Fwp%2Fv2%2Fproduct_cat&post=7877"},{"taxonomy":"product_tag","embeddable":true,"href":"https:\/\/corpmedec.med.ec\/index.php?rest_route=%2Fwp%2Fv2%2Fproduct_tag&post=7877"}],"curies":[{"name":"wp","href":"https:\/\/api.w.org\/{rel}","templated":true}]}}