{"id":7879,"date":"2023-06-22T19:43:21","date_gmt":"2023-06-22T19:43:21","guid":{"rendered":"https:\/\/corpmedec.med.ec\/?post_type=product&#038;p=7879"},"modified":"2023-06-22T19:43:21","modified_gmt":"2023-06-22T19:43:21","slug":"mascara-con-reservorio","status":"publish","type":"product","link":"https:\/\/corpmedec.med.ec\/?product=mascara-con-reservorio","title":{"rendered":"M\u00c1SCARA CON RESERVORIO"},"content":{"rendered":"<ul>\n<li>Sistema de bajo flujo y alta concentraci\u00f3n.<\/li>\n<li>V\u00e1lvulas laterales unidireccionales.<\/li>\n<li>El tubo lleva un estriado anticolapso.<\/li>\n<li>PVC grado m\u00e9dico, libre de l\u00e1tex.<\/li>\n<\/ul>\n","protected":false},"excerpt":{"rendered":"<p>Sistema de bajo flujo y alta concentraci\u00f3n. V\u00e1lvulas laterales unidireccionales. El tubo lleva un estriado anticolapso. PVC grado m\u00e9dico, libre<\/p>\n","protected":false},"featured_media":7880,"template":"","meta":[],"product_brand":[],"product_cat":[186],"product_tag":[],"class_list":{"0":"post-7879","1":"product","2":"type-product","3":"status-publish","4":"has-post-thumbnail","6":"product_cat-terapia-respiratoria","8":"first","9":"instock","10":"shipping-taxable","11":"product-type-simple"},"_links":{"self":[{"href":"https:\/\/corpmedec.med.ec\/index.php?rest_route=\/wp\/v2\/product\/7879","targetHints":{"allow":["GET"]}}],"collection":[{"href":"https:\/\/corpmedec.med.ec\/index.php?rest_route=\/wp\/v2\/product"}],"about":[{"href":"https:\/\/corpmedec.med.ec\/index.php?rest_route=\/wp\/v2\/types\/product"}],"wp:featuredmedia":[{"embeddable":true,"href":"https:\/\/corpmedec.med.ec\/index.php?rest_route=\/wp\/v2\/media\/7880"}],"wp:attachment":[{"href":"https:\/\/corpmedec.med.ec\/index.php?rest_route=%2Fwp%2Fv2%2Fmedia&parent=7879"}],"wp:term":[{"taxonomy":"product_brand","embeddable":true,"href":"https:\/\/corpmedec.med.ec\/index.php?rest_route=%2Fwp%2Fv2%2Fproduct_brand&post=7879"},{"taxonomy":"product_cat","embeddable":true,"href":"https:\/\/corpmedec.med.ec\/index.php?rest_route=%2Fwp%2Fv2%2Fproduct_cat&post=7879"},{"taxonomy":"product_tag","embeddable":true,"href":"https:\/\/corpmedec.med.ec\/index.php?rest_route=%2Fwp%2Fv2%2Fproduct_tag&post=7879"}],"curies":[{"name":"wp","href":"https:\/\/api.w.org\/{rel}","templated":true}]}}