{"id":7883,"date":"2023-06-23T16:47:55","date_gmt":"2023-06-23T16:47:55","guid":{"rendered":"https:\/\/corpmedec.med.ec\/?post_type=product&#038;p=7883"},"modified":"2023-06-23T16:47:55","modified_gmt":"2023-06-23T16:47:55","slug":"mascara-de-traqueotomia","status":"publish","type":"product","link":"https:\/\/corpmedec.med.ec\/?product=mascara-de-traqueotomia","title":{"rendered":"M\u00c1SCARA DE TRAQUEOTOM\u00cdA"},"content":{"rendered":"<ul>\n<li>Extensi\u00f3n de tubo corrugado.<\/li>\n<li>2 Selectores para la regulaci\u00f3n exacta de ox\u00edgeno.<\/li>\n<li>Con sistema de fijaci\u00f3n y conector giratorio de 360\u00b0.<\/li>\n<li>PVC blando de grado m\u00e9dico.<\/li>\n<\/ul>\n","protected":false},"excerpt":{"rendered":"<p>Extensi\u00f3n de tubo corrugado. 2 Selectores para la regulaci\u00f3n exacta de ox\u00edgeno. Con sistema de fijaci\u00f3n y conector giratorio de<\/p>\n","protected":false},"featured_media":7884,"template":"","meta":[],"product_brand":[],"product_cat":[186],"product_tag":[],"class_list":{"0":"post-7883","1":"product","2":"type-product","3":"status-publish","4":"has-post-thumbnail","6":"product_cat-terapia-respiratoria","8":"first","9":"instock","10":"shipping-taxable","11":"product-type-simple"},"_links":{"self":[{"href":"https:\/\/corpmedec.med.ec\/index.php?rest_route=\/wp\/v2\/product\/7883","targetHints":{"allow":["GET"]}}],"collection":[{"href":"https:\/\/corpmedec.med.ec\/index.php?rest_route=\/wp\/v2\/product"}],"about":[{"href":"https:\/\/corpmedec.med.ec\/index.php?rest_route=\/wp\/v2\/types\/product"}],"wp:featuredmedia":[{"embeddable":true,"href":"https:\/\/corpmedec.med.ec\/index.php?rest_route=\/wp\/v2\/media\/7884"}],"wp:attachment":[{"href":"https:\/\/corpmedec.med.ec\/index.php?rest_route=%2Fwp%2Fv2%2Fmedia&parent=7883"}],"wp:term":[{"taxonomy":"product_brand","embeddable":true,"href":"https:\/\/corpmedec.med.ec\/index.php?rest_route=%2Fwp%2Fv2%2Fproduct_brand&post=7883"},{"taxonomy":"product_cat","embeddable":true,"href":"https:\/\/corpmedec.med.ec\/index.php?rest_route=%2Fwp%2Fv2%2Fproduct_cat&post=7883"},{"taxonomy":"product_tag","embeddable":true,"href":"https:\/\/corpmedec.med.ec\/index.php?rest_route=%2Fwp%2Fv2%2Fproduct_tag&post=7883"}],"curies":[{"name":"wp","href":"https:\/\/api.w.org\/{rel}","templated":true}]}}