{"id":7885,"date":"2023-06-23T16:56:12","date_gmt":"2023-06-23T16:56:12","guid":{"rendered":"https:\/\/corpmedec.med.ec\/?post_type=product&#038;p=7885"},"modified":"2023-12-27T20:49:46","modified_gmt":"2023-12-27T20:49:46","slug":"extractor-de-mucosidad","status":"publish","type":"product","link":"https:\/\/corpmedec.med.ec\/?product=extractor-de-mucosidad","title":{"rendered":"EXTRACTOR DE MUCOSIDAD"},"content":{"rendered":"<ul>\n<li>Graduaci\u00f3n transparente para una visible extracci\u00f3n.<\/li>\n<li>Conexi\u00f3n simple y segura del tubo de succi\u00f3n.<\/li>\n<li>Acabado suave del extractor para evitar traumatismos.<\/li>\n<li>Tapa de repuesto para almacenamiento de muestra.<\/li>\n<\/ul>\n","protected":false},"excerpt":{"rendered":"<p>Graduaci\u00f3n transparente para una visible extracci\u00f3n. Conexi\u00f3n simple y segura del tubo de succi\u00f3n. Acabado suave del extractor para evitar<\/p>\n","protected":false},"featured_media":8104,"template":"","meta":[],"product_brand":[],"product_cat":[186],"product_tag":[],"class_list":{"0":"post-7885","1":"product","2":"type-product","3":"status-publish","4":"has-post-thumbnail","6":"product_cat-terapia-respiratoria","8":"first","9":"instock","10":"shipping-taxable","11":"product-type-simple"},"_links":{"self":[{"href":"https:\/\/corpmedec.med.ec\/index.php?rest_route=\/wp\/v2\/product\/7885","targetHints":{"allow":["GET"]}}],"collection":[{"href":"https:\/\/corpmedec.med.ec\/index.php?rest_route=\/wp\/v2\/product"}],"about":[{"href":"https:\/\/corpmedec.med.ec\/index.php?rest_route=\/wp\/v2\/types\/product"}],"wp:featuredmedia":[{"embeddable":true,"href":"https:\/\/corpmedec.med.ec\/index.php?rest_route=\/wp\/v2\/media\/8104"}],"wp:attachment":[{"href":"https:\/\/corpmedec.med.ec\/index.php?rest_route=%2Fwp%2Fv2%2Fmedia&parent=7885"}],"wp:term":[{"taxonomy":"product_brand","embeddable":true,"href":"https:\/\/corpmedec.med.ec\/index.php?rest_route=%2Fwp%2Fv2%2Fproduct_brand&post=7885"},{"taxonomy":"product_cat","embeddable":true,"href":"https:\/\/corpmedec.med.ec\/index.php?rest_route=%2Fwp%2Fv2%2Fproduct_cat&post=7885"},{"taxonomy":"product_tag","embeddable":true,"href":"https:\/\/corpmedec.med.ec\/index.php?rest_route=%2Fwp%2Fv2%2Fproduct_tag&post=7885"}],"curies":[{"name":"wp","href":"https:\/\/api.w.org\/{rel}","templated":true}]}}