{"id":7889,"date":"2023-06-23T18:19:42","date_gmt":"2023-06-23T18:19:42","guid":{"rendered":"https:\/\/corpmedec.med.ec\/?post_type=product&#038;p=7889"},"modified":"2023-06-23T18:19:42","modified_gmt":"2023-06-23T18:19:42","slug":"mascarillas-laringeas","status":"publish","type":"product","link":"https:\/\/corpmedec.med.ec\/?product=mascarillas-laringeas","title":{"rendered":"MASCARILLAS LAR\u00cdNGEAS"},"content":{"rendered":"<ul>\n<li>Varios tama\u00f1os.<\/li>\n<li>Mascarilla transparente que facilita la visualizaci\u00f3n de secreciones.<\/li>\n<li>Fabricado en material PVC.<\/li>\n<li>Cumple con est\u00e1ndares: CEE 93\/42, ISO 10993, ISO 3485.<\/li>\n<\/ul>\n","protected":false},"excerpt":{"rendered":"<p>Varios tama\u00f1os. Mascarilla transparente que facilita la visualizaci\u00f3n de secreciones. Fabricado en material PVC. Cumple con est\u00e1ndares: CEE 93\/42, ISO<\/p>\n","protected":false},"featured_media":7890,"template":"","meta":[],"product_brand":[],"product_cat":[186],"product_tag":[],"class_list":{"0":"post-7889","1":"product","2":"type-product","3":"status-publish","4":"has-post-thumbnail","6":"product_cat-terapia-respiratoria","8":"first","9":"instock","10":"shipping-taxable","11":"product-type-simple"},"_links":{"self":[{"href":"https:\/\/corpmedec.med.ec\/index.php?rest_route=\/wp\/v2\/product\/7889","targetHints":{"allow":["GET"]}}],"collection":[{"href":"https:\/\/corpmedec.med.ec\/index.php?rest_route=\/wp\/v2\/product"}],"about":[{"href":"https:\/\/corpmedec.med.ec\/index.php?rest_route=\/wp\/v2\/types\/product"}],"wp:featuredmedia":[{"embeddable":true,"href":"https:\/\/corpmedec.med.ec\/index.php?rest_route=\/wp\/v2\/media\/7890"}],"wp:attachment":[{"href":"https:\/\/corpmedec.med.ec\/index.php?rest_route=%2Fwp%2Fv2%2Fmedia&parent=7889"}],"wp:term":[{"taxonomy":"product_brand","embeddable":true,"href":"https:\/\/corpmedec.med.ec\/index.php?rest_route=%2Fwp%2Fv2%2Fproduct_brand&post=7889"},{"taxonomy":"product_cat","embeddable":true,"href":"https:\/\/corpmedec.med.ec\/index.php?rest_route=%2Fwp%2Fv2%2Fproduct_cat&post=7889"},{"taxonomy":"product_tag","embeddable":true,"href":"https:\/\/corpmedec.med.ec\/index.php?rest_route=%2Fwp%2Fv2%2Fproduct_tag&post=7889"}],"curies":[{"name":"wp","href":"https:\/\/api.w.org\/{rel}","templated":true}]}}