{"id":7958,"date":"2023-08-21T16:32:14","date_gmt":"2023-08-21T16:32:14","guid":{"rendered":"https:\/\/corpmedec.med.ec\/?post_type=product&#038;p=7958"},"modified":"2024-02-23T20:26:48","modified_gmt":"2024-02-23T20:26:48","slug":"lipid-pro","status":"publish","type":"product","link":"https:\/\/corpmedec.med.ec\/?product=lipid-pro","title":{"rendered":"Lipid Pro"},"content":{"rendered":"<ul>\n<li>Mide el colesterol total, el colesterol HDL y LDL, los triglic\u00e9ridos y el az\u00facar en sangre<\/li>\n<li>Minimiza el uso de sangre<\/li>\n<li>De peque\u00f1o tama\u00f1o y f\u00e1cil operaci\u00f3n<\/li>\n<li>Brinda resultados r\u00e1pidos y precisos<\/li>\n<li>Resultados precisos como de un laboratorio<\/li>\n<li>Puede guardar hasta 200 datos de medici\u00f3n<\/li>\n<li>Cuenta con certificaci\u00f3n MFDS<\/li>\n<\/ul>\n","protected":false},"excerpt":{"rendered":"<p>Mide el colesterol total, el colesterol HDL y LDL, los triglic\u00e9ridos y el az\u00facar en sangre Minimiza el uso de<\/p>\n","protected":false},"featured_media":7959,"template":"","meta":[],"product_brand":[],"product_cat":[183,219],"product_tag":[220,221],"class_list":{"0":"post-7958","1":"product","2":"type-product","3":"status-publish","4":"has-post-thumbnail","6":"product_cat-laboratorio","7":"product_cat-pruebas-rapidas-de-laboratorio","8":"product_tag-laboratorio","9":"product_tag-prueba-rapida","11":"first","12":"instock","13":"shipping-taxable","14":"product-type-simple"},"_links":{"self":[{"href":"https:\/\/corpmedec.med.ec\/index.php?rest_route=\/wp\/v2\/product\/7958","targetHints":{"allow":["GET"]}}],"collection":[{"href":"https:\/\/corpmedec.med.ec\/index.php?rest_route=\/wp\/v2\/product"}],"about":[{"href":"https:\/\/corpmedec.med.ec\/index.php?rest_route=\/wp\/v2\/types\/product"}],"wp:featuredmedia":[{"embeddable":true,"href":"https:\/\/corpmedec.med.ec\/index.php?rest_route=\/wp\/v2\/media\/7959"}],"wp:attachment":[{"href":"https:\/\/corpmedec.med.ec\/index.php?rest_route=%2Fwp%2Fv2%2Fmedia&parent=7958"}],"wp:term":[{"taxonomy":"product_brand","embeddable":true,"href":"https:\/\/corpmedec.med.ec\/index.php?rest_route=%2Fwp%2Fv2%2Fproduct_brand&post=7958"},{"taxonomy":"product_cat","embeddable":true,"href":"https:\/\/corpmedec.med.ec\/index.php?rest_route=%2Fwp%2Fv2%2Fproduct_cat&post=7958"},{"taxonomy":"product_tag","embeddable":true,"href":"https:\/\/corpmedec.med.ec\/index.php?rest_route=%2Fwp%2Fv2%2Fproduct_tag&post=7958"}],"curies":[{"name":"wp","href":"https:\/\/api.w.org\/{rel}","templated":true}]}}