{"id":7962,"date":"2023-08-22T18:05:58","date_gmt":"2023-08-22T18:05:58","guid":{"rendered":"https:\/\/corpmedec.med.ec\/?post_type=product&#038;p=7962"},"modified":"2023-08-22T18:09:14","modified_gmt":"2023-08-22T18:09:14","slug":"monitor-de-paciente-serie-x12-x10-x8","status":"publish","type":"product","link":"https:\/\/corpmedec.med.ec\/?product=monitor-de-paciente-serie-x12-x10-x8","title":{"rendered":"Monitor de Paciente Serie X12\/X10\/X8"},"content":{"rendered":"<ul>\n<li>Dise\u00f1o superior de la trampa de agua para monitoreo exacto<\/li>\n<li>Algoritmo iCARB\u00ae con tecnolog\u00eda inteligente de identificaci\u00f3n de pseudo-ondas de CO2<\/li>\n<li>Baja frecuencia de muestreo, hasta 50 ml\/min<\/li>\n<li>Accesorios para todo tipo de pacientes<\/li>\n<li>Colocaci\u00f3n de 6 derivaciones personalizable para m\u00e1s ondas de ECG<\/li>\n<li>Modo \u00fanico de limpieza para el mantenimiento de rutina<\/li>\n<li>Lectura de referencia del \u00edndice de perfusi\u00f3n (PI) de 0 a 10 seg\u00fan<br \/>\nlos cambios de perfusi\u00f3n<\/li>\n<\/ul>\n","protected":false},"excerpt":{"rendered":"<p>Dise\u00f1o superior de la trampa de agua para monitoreo exacto Algoritmo iCARB\u00ae con tecnolog\u00eda inteligente de identificaci\u00f3n de pseudo-ondas de<\/p>\n","protected":false},"featured_media":7964,"template":"","meta":[],"product_brand":[],"product_cat":[215],"product_tag":[],"class_list":{"0":"post-7962","1":"product","2":"type-product","3":"status-publish","4":"has-post-thumbnail","6":"product_cat-monitores-multiparametros","8":"first","9":"instock","10":"shipping-taxable","11":"product-type-simple"},"_links":{"self":[{"href":"https:\/\/corpmedec.med.ec\/index.php?rest_route=\/wp\/v2\/product\/7962","targetHints":{"allow":["GET"]}}],"collection":[{"href":"https:\/\/corpmedec.med.ec\/index.php?rest_route=\/wp\/v2\/product"}],"about":[{"href":"https:\/\/corpmedec.med.ec\/index.php?rest_route=\/wp\/v2\/types\/product"}],"wp:featuredmedia":[{"embeddable":true,"href":"https:\/\/corpmedec.med.ec\/index.php?rest_route=\/wp\/v2\/media\/7964"}],"wp:attachment":[{"href":"https:\/\/corpmedec.med.ec\/index.php?rest_route=%2Fwp%2Fv2%2Fmedia&parent=7962"}],"wp:term":[{"taxonomy":"product_brand","embeddable":true,"href":"https:\/\/corpmedec.med.ec\/index.php?rest_route=%2Fwp%2Fv2%2Fproduct_brand&post=7962"},{"taxonomy":"product_cat","embeddable":true,"href":"https:\/\/corpmedec.med.ec\/index.php?rest_route=%2Fwp%2Fv2%2Fproduct_cat&post=7962"},{"taxonomy":"product_tag","embeddable":true,"href":"https:\/\/corpmedec.med.ec\/index.php?rest_route=%2Fwp%2Fv2%2Fproduct_tag&post=7962"}],"curies":[{"name":"wp","href":"https:\/\/api.w.org\/{rel}","templated":true}]}}