{"id":8044,"date":"2023-12-14T20:50:30","date_gmt":"2023-12-14T20:50:30","guid":{"rendered":"https:\/\/corpmedec.med.ec\/?post_type=product&#038;p=8044"},"modified":"2023-12-14T22:17:18","modified_gmt":"2023-12-14T22:17:18","slug":"set-de-jeringa-para-bomba","status":"publish","type":"product","link":"https:\/\/corpmedec.med.ec\/?product=set-de-jeringa-para-bomba","title":{"rendered":"SET DE JERINGA PARA BOMBA"},"content":{"rendered":"<div class=\"wpb-content-wrapper\"><div class=\"vc_row wpb_row vc_row-fluid\"><div class=\"wpb_column vc_column_container vc_col-sm-12\"><div class=\"vc_column-inner\"><div class=\"wpb_wrapper\">\t\t\t<link rel=\"stylesheet\" id=\"wd-list-css\" href=\"https:\/\/corpmedec.med.ec\/wp-content\/themes\/woodmart\/css\/parts\/el-list.min.css?ver=6.5.4\" type=\"text\/css\" media=\"all\" \/> \t\t\t\n\t\t<ul class=\" wd-rs-657b6c7b6f6b9 wd-list wd-wpb color-scheme- wd-fontsize-xs wd-list-type-icon wd-list-style-default wd-justify-left \" id=\"wd-657b6c7b6f6b9\">\n\t\t\t\t\t\t\t\t\t\t\t<li>\n\t\t\t\t\t<span class=\"list-icon fas fa-arrow-alt-circle-right\"><\/span>\n\t\t\t\t\t<span class=\"list-content\">INSTALACI\u00d3N MANUAL:\nGanar tiempo durante tratamientos de emergencia<\/span>\n\t\t\t\t\t\t\t\t\t<\/li>\n\t\t\t\t\t\t\t\t\t\t\t<li>\n\t\t\t\t\t<span class=\"list-icon fas fa-arrow-alt-circle-right\"><\/span>\n\t\t\t\t\t<span class=\"list-content\">INSTALACI\u00d3N AUTOM\u00c1TICA:\nSe puede tomar y fijar la jeringa en forma autom\u00e1tica para asegurar un excelente desempe\u00f1o de la bomba<\/span>\n\t\t\t\t\t\t\t\t\t<\/li>\n\t\t\t\t\t<\/ul>\n\t\t<\/div><\/div><\/div><\/div>\n<\/div>","protected":false},"excerpt":{"rendered":"INSTALACI\u00d3N MANUAL: Ganar tiempo durante tratamientos de emergencia INSTALACI\u00d3N AUTOM\u00c1TICA: Se puede tomar y fijar la jeringa en forma autom\u00e1tica","protected":false},"featured_media":8045,"template":"","meta":[],"product_brand":[],"product_cat":[188,71],"product_tag":[],"class_list":{"0":"post-8044","1":"product","2":"type-product","3":"status-publish","4":"has-post-thumbnail","6":"product_cat-administracion-intravenosa","7":"product_cat-dispositivos-medicos","9":"first","10":"instock","11":"shipping-taxable","12":"product-type-simple"},"_links":{"self":[{"href":"https:\/\/corpmedec.med.ec\/index.php?rest_route=\/wp\/v2\/product\/8044","targetHints":{"allow":["GET"]}}],"collection":[{"href":"https:\/\/corpmedec.med.ec\/index.php?rest_route=\/wp\/v2\/product"}],"about":[{"href":"https:\/\/corpmedec.med.ec\/index.php?rest_route=\/wp\/v2\/types\/product"}],"wp:featuredmedia":[{"embeddable":true,"href":"https:\/\/corpmedec.med.ec\/index.php?rest_route=\/wp\/v2\/media\/8045"}],"wp:attachment":[{"href":"https:\/\/corpmedec.med.ec\/index.php?rest_route=%2Fwp%2Fv2%2Fmedia&parent=8044"}],"wp:term":[{"taxonomy":"product_brand","embeddable":true,"href":"https:\/\/corpmedec.med.ec\/index.php?rest_route=%2Fwp%2Fv2%2Fproduct_brand&post=8044"},{"taxonomy":"product_cat","embeddable":true,"href":"https:\/\/corpmedec.med.ec\/index.php?rest_route=%2Fwp%2Fv2%2Fproduct_cat&post=8044"},{"taxonomy":"product_tag","embeddable":true,"href":"https:\/\/corpmedec.med.ec\/index.php?rest_route=%2Fwp%2Fv2%2Fproduct_tag&post=8044"}],"curies":[{"name":"wp","href":"https:\/\/api.w.org\/{rel}","templated":true}]}}