{"id":8046,"date":"2023-12-14T21:03:56","date_gmt":"2023-12-14T21:03:56","guid":{"rendered":"https:\/\/corpmedec.med.ec\/?post_type=product&#038;p=8046"},"modified":"2023-12-14T22:16:38","modified_gmt":"2023-12-14T22:16:38","slug":"montaje-flexible-y-combinacion-libre","status":"publish","type":"product","link":"https:\/\/corpmedec.med.ec\/?product=montaje-flexible-y-combinacion-libre","title":{"rendered":"MONTAJE FLEXIBLE Y COMBINACI\u00d3N LIBRE"},"content":{"rendered":"<div class=\"wpb-content-wrapper\"><div class=\"vc_row wpb_row vc_row-fluid\"><div class=\"wpb_column vc_column_container vc_col-sm-12\"><div class=\"vc_column-inner\"><div class=\"wpb_wrapper\">\t\t\t<link rel=\"stylesheet\" id=\"wd-list-css\" href=\"https:\/\/corpmedec.med.ec\/wp-content\/themes\/woodmart\/css\/parts\/el-list.min.css?ver=6.5.4\" type=\"text\/css\" media=\"all\" \/> \t\t\t\n\t\t<ul class=\" wd-rs-657b6dd52b3af wd-list wd-wpb color-scheme- wd-fontsize-xs wd-list-type-icon wd-list-style-default wd-justify-left \" id=\"wd-657b6dd52b3af\">\n\t\t\t\t\t\t\t\t\t\t\t<li>\n\t\t\t\t\t<span class=\"list-icon fas fa-arrow-circle-right\"><\/span>\n\t\t\t\t\t<span class=\"list-content\">Dise\u00f1o modular, permitiendo las combinaciones de bombas de infusi\u00f3n y bombas de jeringa<\/span>\n\t\t\t\t\t\t\t\t\t<\/li>\n\t\t\t\t\t\t\t\t\t\t\t<li>\n\t\t\t\t\t<span class=\"list-icon fas fa-arrow-circle-right\"><\/span>\n\t\t\t\t\t<span class=\"list-content\">F\u00e1cil extensi\u00f3n de hasta 16 canales sin herramientas<\/span>\n\t\t\t\t\t\t\t\t\t<\/li>\n\t\t\t\t\t\t\t\t\t\t\t<li>\n\t\t\t\t\t<span class=\"list-icon fas fa-arrow-circle-right\"><\/span>\n\t\t\t\t\t<span class=\"list-content\">Pantalla f\u00e1cil de grado m\u00e9dico<\/span>\n\t\t\t\t\t\t\t\t\t<\/li>\n\t\t\t\t\t\t\t\t\t\t\t<li>\n\t\t\t\t\t<span class=\"list-icon fas fa-arrow-circle-right\"><\/span>\n\t\t\t\t\t<span class=\"list-content\">Interfaz de usuario intuitiva e informativa<\/span>\n\t\t\t\t\t\t\t\t\t<\/li>\n\t\t\t\t\t<\/ul>\n\t\t<\/div><\/div><\/div><\/div>\n<\/div>","protected":false},"excerpt":{"rendered":"Dise\u00f1o modular, permitiendo las combinaciones de bombas de infusi\u00f3n y bombas de jeringa F\u00e1cil extensi\u00f3n de hasta 16 canales sin","protected":false},"featured_media":8047,"template":"","meta":[],"product_brand":[],"product_cat":[188,71],"product_tag":[],"class_list":{"0":"post-8046","1":"product","2":"type-product","3":"status-publish","4":"has-post-thumbnail","6":"product_cat-administracion-intravenosa","7":"product_cat-dispositivos-medicos","9":"first","10":"instock","11":"shipping-taxable","12":"product-type-simple"},"_links":{"self":[{"href":"https:\/\/corpmedec.med.ec\/index.php?rest_route=\/wp\/v2\/product\/8046","targetHints":{"allow":["GET"]}}],"collection":[{"href":"https:\/\/corpmedec.med.ec\/index.php?rest_route=\/wp\/v2\/product"}],"about":[{"href":"https:\/\/corpmedec.med.ec\/index.php?rest_route=\/wp\/v2\/types\/product"}],"wp:featuredmedia":[{"embeddable":true,"href":"https:\/\/corpmedec.med.ec\/index.php?rest_route=\/wp\/v2\/media\/8047"}],"wp:attachment":[{"href":"https:\/\/corpmedec.med.ec\/index.php?rest_route=%2Fwp%2Fv2%2Fmedia&parent=8046"}],"wp:term":[{"taxonomy":"product_brand","embeddable":true,"href":"https:\/\/corpmedec.med.ec\/index.php?rest_route=%2Fwp%2Fv2%2Fproduct_brand&post=8046"},{"taxonomy":"product_cat","embeddable":true,"href":"https:\/\/corpmedec.med.ec\/index.php?rest_route=%2Fwp%2Fv2%2Fproduct_cat&post=8046"},{"taxonomy":"product_tag","embeddable":true,"href":"https:\/\/corpmedec.med.ec\/index.php?rest_route=%2Fwp%2Fv2%2Fproduct_tag&post=8046"}],"curies":[{"name":"wp","href":"https:\/\/api.w.org\/{rel}","templated":true}]}}