{"id":8275,"date":"2024-02-02T19:52:42","date_gmt":"2024-02-02T19:52:42","guid":{"rendered":"https:\/\/corpmedec.med.ec\/?post_type=product&#038;p=8275"},"modified":"2024-02-02T19:58:42","modified_gmt":"2024-02-02T19:58:42","slug":"canula-yankauer","status":"publish","type":"product","link":"https:\/\/corpmedec.med.ec\/?product=canula-yankauer","title":{"rendered":"CANULA YANKAUER"},"content":{"rendered":"<div class=\"wpb-content-wrapper\"><div class=\"vc_row wpb_row vc_row-fluid\"><div class=\"wpb_column vc_column_container vc_col-sm-12\"><div class=\"vc_column-inner\"><div class=\"wpb_wrapper\">\t\t\t<link rel=\"stylesheet\" id=\"wd-list-css\" href=\"https:\/\/corpmedec.med.ec\/wp-content\/themes\/woodmart\/css\/parts\/el-list.min.css?ver=6.5.4\" type=\"text\/css\" media=\"all\" \/> \t\t\t\n\t\t<ul class=\" wd-rs-65bd48c85541a wd-list wd-wpb color-scheme- wd-fontsize-xs wd-list-type-icon wd-list-style-default wd-justify-left \" id=\"wd-65bd48c85541a\">\n\t\t\t\t\t\t\t\t\t\t\t<li>\n\t\t\t\t\t<span class=\"list-icon fas fa-arrow-alt-circle-right\"><\/span>\n\t\t\t\t\t<span class=\"list-content\">Transparente, hecho en una sola pieza de pl\u00e1stico r\u00edgido<\/span>\n\t\t\t\t\t\t\t\t\t<\/li>\n\t\t\t\t\t\t\t\t\t\t\t<li>\n\t\t\t\t\t<span class=\"list-icon fas fa-arrow-alt-circle-right\"><\/span>\n\t\t\t\t\t<span class=\"list-content\">Grado m\u00e9dico, est\u00e9ril<\/span>\n\t\t\t\t\t\t\t\t\t<\/li>\n\t\t\t\t\t\t\t\t\t\t\t<li>\n\t\t\t\t\t<span class=\"list-icon fas fa-arrow-alt-circle-right\"><\/span>\n\t\t\t\t\t<span class=\"list-content\">Punto est\u00e1ndar inastillable, acanalado<\/span>\n\t\t\t\t\t\t\t\t\t<\/li>\n\t\t\t\t\t\t\t\t\t\t\t<li>\n\t\t\t\t\t<span class=\"list-icon fas fa-arrow-alt-circle-right\"><\/span>\n\t\t\t\t\t<span class=\"list-content\">Con mango antideslizante<\/span>\n\t\t\t\t\t\t\t\t\t<\/li>\n\t\t\t\t\t<\/ul>\n\t\t<\/div><\/div><\/div><\/div>\n<\/div>","protected":false},"excerpt":{"rendered":"Transparente, hecho en una sola pieza de pl\u00e1stico r\u00edgido Grado m\u00e9dico, est\u00e9ril Punto est\u00e1ndar inastillable, acanalado Con mango antideslizante","protected":false},"featured_media":8276,"template":"","meta":[],"product_brand":[],"product_cat":[71,186],"product_tag":[],"class_list":{"0":"post-8275","1":"product","2":"type-product","3":"status-publish","4":"has-post-thumbnail","6":"product_cat-dispositivos-medicos","7":"product_cat-terapia-respiratoria","9":"first","10":"instock","11":"shipping-taxable","12":"product-type-simple"},"_links":{"self":[{"href":"https:\/\/corpmedec.med.ec\/index.php?rest_route=\/wp\/v2\/product\/8275","targetHints":{"allow":["GET"]}}],"collection":[{"href":"https:\/\/corpmedec.med.ec\/index.php?rest_route=\/wp\/v2\/product"}],"about":[{"href":"https:\/\/corpmedec.med.ec\/index.php?rest_route=\/wp\/v2\/types\/product"}],"wp:featuredmedia":[{"embeddable":true,"href":"https:\/\/corpmedec.med.ec\/index.php?rest_route=\/wp\/v2\/media\/8276"}],"wp:attachment":[{"href":"https:\/\/corpmedec.med.ec\/index.php?rest_route=%2Fwp%2Fv2%2Fmedia&parent=8275"}],"wp:term":[{"taxonomy":"product_brand","embeddable":true,"href":"https:\/\/corpmedec.med.ec\/index.php?rest_route=%2Fwp%2Fv2%2Fproduct_brand&post=8275"},{"taxonomy":"product_cat","embeddable":true,"href":"https:\/\/corpmedec.med.ec\/index.php?rest_route=%2Fwp%2Fv2%2Fproduct_cat&post=8275"},{"taxonomy":"product_tag","embeddable":true,"href":"https:\/\/corpmedec.med.ec\/index.php?rest_route=%2Fwp%2Fv2%2Fproduct_tag&post=8275"}],"curies":[{"name":"wp","href":"https:\/\/api.w.org\/{rel}","templated":true}]}}