{"id":8313,"date":"2024-02-23T18:11:58","date_gmt":"2024-02-23T18:11:58","guid":{"rendered":"https:\/\/corpmedec.med.ec\/?post_type=product&#038;p=8313"},"modified":"2024-02-23T18:15:46","modified_gmt":"2024-02-23T18:15:46","slug":"prueba-rapida-de-dengue-duo-ns1-ag-igm-igg-ab","status":"publish","type":"product","link":"https:\/\/corpmedec.med.ec\/?product=prueba-rapida-de-dengue-duo-ns1-ag-igm-igg-ab","title":{"rendered":"Prueba r\u00e1pida de Dengue Duo (NS1 Ag &#038; IgM \/ IgG Ab)"},"content":{"rendered":"<div class=\"wpb-content-wrapper\"><div class=\"vc_row wpb_row vc_row-fluid\"><div class=\"wpb_column vc_column_container vc_col-sm-12\"><div class=\"vc_column-inner\"><div class=\"wpb_wrapper\">\n\t<div class=\"wpb_text_column wpb_content_element\" >\n\t\t<div class=\"wpb_wrapper\">\n\t\t\t<p>La prueba Rapid Dengue Duo (NS1 Ag &amp; IgM \/ IgG Ab) es un ensayo inmunocromatogr\u00e1fico r\u00e1pido mejorado con oro coloidal para la detecci\u00f3n cualitativa de anticuerpos del virus del dengue NS1 Ag e IgM &amp; IgG contra el virus del dengue (DV) en sangre entera humana. , suero o plasma, y \u200b\u200bsirve como ayuda en el diagn\u00f3stico de infecciones por dengue. Solo proporciona resultados de an\u00e1lisis preliminares pero no criterios de diagn\u00f3stico cr\u00edticos, los resultados obtenidos deben analizarse en relaci\u00f3n con otra informaci\u00f3n cl\u00ednica, p. Ej. s\u00edntomas cl\u00ednicos y el uso de m\u00e9todos de diagn\u00f3stico alternativos m\u00e1s espec\u00edficos para tomar la decisi\u00f3n final. Esta prueba es una prueba de detecci\u00f3n y todos los positivos deben confirmarse mediante una prueba alternativa. La prueba est\u00e1 destinada \u00fanicamente a profesionales sanitarios.<\/p>\n\n\t\t<\/div>\n\t<\/div>\n<\/div><\/div><\/div><\/div><div class=\"vc_row wpb_row vc_row-fluid\"><div class=\"wpb_column vc_column_container vc_col-sm-12\"><div class=\"vc_column-inner\"><div class=\"wpb_wrapper\">\t\t\t<link rel=\"stylesheet\" id=\"wd-list-css\" href=\"https:\/\/corpmedec.med.ec\/wp-content\/themes\/woodmart\/css\/parts\/el-list.min.css?ver=6.5.4\" type=\"text\/css\" media=\"all\" \/> \t\t\t\n\t\t<ul class=\" wd-rs-65d8e01f14904 wd-list wd-wpb color-scheme- wd-fontsize-xs wd-list-type-icon wd-list-style-default wd-justify-left \" id=\"wd-65d8e01f14904\">\n\t\t\t\t\t\t\t\t\t\t\t<li>\n\t\t\t\t\t<span class=\"list-icon fas fa-arrow-alt-circle-right\"><\/span>\n\t\t\t\t\t<span class=\"list-content\">Marcado CE\n<\/span>\n\t\t\t\t\t\t\t\t\t<\/li>\n\t\t\t\t\t\t\t\t\t\t\t<li>\n\t\t\t\t\t<span class=\"list-icon fas fa-arrow-alt-circle-right\"><\/span>\n\t\t\t\t\t<span class=\"list-content\">Sensibilidad: NS1 Ag: 97,44%; Anti-Dengue (IgG & IgM): 95,60%\n<\/span>\n\t\t\t\t\t\t\t\t\t<\/li>\n\t\t\t\t\t\t\t\t\t\t\t<li>\n\t\t\t\t\t<span class=\"list-icon fas fa-arrow-alt-circle-right\"><\/span>\n\t\t\t\t\t<span class=\"list-content\">Especificidad: NS1 Ag: 99,14%; Anti-Dengue (IgG & IgM): 99,36%\n<\/span>\n\t\t\t\t\t\t\t\t\t<\/li>\n\t\t\t\t\t\t\t\t\t\t\t<li>\n\t\t\t\t\t<span class=\"list-icon fas fa-arrow-alt-circle-right\"><\/span>\n\t\t\t\t\t<span class=\"list-content\">Muestra: sangre total, suero o plasma\n<\/span>\n\t\t\t\t\t\t\t\t\t<\/li>\n\t\t\t\t\t\t\t\t\t\t\t<li>\n\t\t\t\t\t<span class=\"list-icon fas fa-arrow-alt-circle-right\"><\/span>\n\t\t\t\t\t<span class=\"list-content\">Tiempo de prueba: 15-20 minutos\n<\/span>\n\t\t\t\t\t\t\t\t\t<\/li>\n\t\t\t\t\t\t\t\t\t\t\t<li>\n\t\t\t\t\t<span class=\"list-icon fas fa-arrow-alt-circle-right\"><\/span>\n\t\t\t\t\t<span class=\"list-content\">Temperatura de almacenamiento: 2-30 \u2103\n<\/span>\n\t\t\t\t\t\t\t\t\t<\/li>\n\t\t\t\t\t\t\t\t\t\t\t<li>\n\t\t\t\t\t<span class=\"list-icon fas fa-arrow-alt-circle-right\"><\/span>\n\t\t\t\t\t<span class=\"list-content\">Vida \u00fatil: 24 meses<\/span>\n\t\t\t\t\t\t\t\t\t<\/li>\n\t\t\t\t\t<\/ul>\n\t\t<\/div><\/div><\/div><\/div><div class=\"vc_row wpb_row vc_row-fluid\"><div class=\"wpb_column vc_column_container vc_col-sm-12\"><div class=\"vc_column-inner\"><div class=\"wpb_wrapper\">\n\t<div  class=\"wpb_single_image wpb_content_element vc_align_left\">\n\t\t\n\t\t<figure class=\"wpb_wrapper vc_figure\">\n\t\t\t<a class=\"\" data-lightbox=\"lightbox[rel-8313-1279230599]\" href=\"https:\/\/corpmedec.med.ec\/wp-content\/uploads\/2024\/02\/imagen_2024-02-23_131450679.png\" target=\"_self\" class=\"vc_single_image-wrapper   vc_box_border_grey\"><\/a>\n\t\t<\/figure>\n\t<\/div>\n<\/div><\/div><\/div><\/div>\n<\/div>","protected":false},"excerpt":{"rendered":"La prueba Rapid Dengue Duo (NS1 Ag &amp; IgM \/ IgG Ab) es un ensayo inmunocromatogr\u00e1fico r\u00e1pido mejorado con oro","protected":false},"featured_media":8314,"template":"","meta":[],"product_brand":[],"product_cat":[183,219],"product_tag":[],"class_list":{"0":"post-8313","1":"product","2":"type-product","3":"status-publish","4":"has-post-thumbnail","6":"product_cat-laboratorio","7":"product_cat-pruebas-rapidas-de-laboratorio","9":"first","10":"instock","11":"shipping-taxable","12":"product-type-simple"},"_links":{"self":[{"href":"https:\/\/corpmedec.med.ec\/index.php?rest_route=\/wp\/v2\/product\/8313","targetHints":{"allow":["GET"]}}],"collection":[{"href":"https:\/\/corpmedec.med.ec\/index.php?rest_route=\/wp\/v2\/product"}],"about":[{"href":"https:\/\/corpmedec.med.ec\/index.php?rest_route=\/wp\/v2\/types\/product"}],"wp:featuredmedia":[{"embeddable":true,"href":"https:\/\/corpmedec.med.ec\/index.php?rest_route=\/wp\/v2\/media\/8314"}],"wp:attachment":[{"href":"https:\/\/corpmedec.med.ec\/index.php?rest_route=%2Fwp%2Fv2%2Fmedia&parent=8313"}],"wp:term":[{"taxonomy":"product_brand","embeddable":true,"href":"https:\/\/corpmedec.med.ec\/index.php?rest_route=%2Fwp%2Fv2%2Fproduct_brand&post=8313"},{"taxonomy":"product_cat","embeddable":true,"href":"https:\/\/corpmedec.med.ec\/index.php?rest_route=%2Fwp%2Fv2%2Fproduct_cat&post=8313"},{"taxonomy":"product_tag","embeddable":true,"href":"https:\/\/corpmedec.med.ec\/index.php?rest_route=%2Fwp%2Fv2%2Fproduct_tag&post=8313"}],"curies":[{"name":"wp","href":"https:\/\/api.w.org\/{rel}","templated":true}]}}