{"id":8395,"date":"2024-11-18T17:16:56","date_gmt":"2024-11-18T17:16:56","guid":{"rendered":"https:\/\/corpmedec.med.ec\/?post_type=product&#038;p=8395"},"modified":"2024-11-18T17:21:07","modified_gmt":"2024-11-18T17:21:07","slug":"i1000-analizador-automatico-de-inmunoensayo-por-quimioluminiscencia","status":"publish","type":"product","link":"https:\/\/corpmedec.med.ec\/?product=i1000-analizador-automatico-de-inmunoensayo-por-quimioluminiscencia","title":{"rendered":"I1000 Analizador autom\u00e1tico de inmunoensayo por quimioluminiscencia"},"content":{"rendered":"<div class=\"wpb-content-wrapper\"><div class=\"vc_row wpb_row vc_row-fluid\"><div class=\"wpb_column vc_column_container vc_col-sm-12\"><div class=\"vc_column-inner\"><div class=\"wpb_wrapper\">\t\t\t<link rel=\"stylesheet\" id=\"wd-list-css\" href=\"https:\/\/corpmedec.med.ec\/wp-content\/themes\/woodmart\/css\/parts\/el-list.min.css?ver=6.5.4\" type=\"text\/css\" media=\"all\" \/> \t\t\t\n\t\t<ul class=\" wd-rs-673b76a9590ba wd-list wd-wpb color-scheme- wd-fontsize-xs wd-list-type-icon wd-list-style-default wd-justify-left \" id=\"wd-673b76a9590ba\">\n\t\t\t\t\t\t\t\t\t\t\t<li>\n\t\t\t\t\t<span class=\"list-icon fas fa-arrow-alt-circle-right\"><\/span>\n\t\t\t\t\t<span class=\"list-content\">Utiliza la tecnolog\u00eda de quimioluminiscencia directa basada en micropart\u00edculas magn\u00e9ticas y \u00e9ster de acridinio (AE).<\/span>\n\t\t\t\t\t\t\t\t\t<\/li>\n\t\t\t\t\t\t\t\t\t\t\t<li>\n\t\t\t\t\t<span class=\"list-icon fas fa-arrow-alt-circle-right\"><\/span>\n\t\t\t\t\t<span class=\"list-content\">Funcionamiento de un solo m\u00f3dulo hasta 180T\/H.  Tiempo hasta el primer resultado: 14 minutos<\/span>\n\t\t\t\t\t\t\t\t\t<\/li>\n\t\t\t\t\t\t\t\t\t\t\t<li>\n\t\t\t\t\t<span class=\"list-icon fas fa-arrow-alt-circle-right\"><\/span>\n\t\t\t\t\t<span class=\"list-content\">i 1000 cubre un \u00e1rea de menos de 1\u33a1 con 30 posiciones refrigeradas de reactivos 50 muestras, flexible y eficiente<\/span>\n\t\t\t\t\t\t\t\t\t<\/li>\n\t\t\t\t\t\t\t\t\t\t\t<li>\n\t\t\t\t\t<span class=\"list-icon fas fa-arrow-alt-circle-right\"><\/span>\n\t\t\t\t\t<span class=\"list-content\">Entrada de carga por vuelvo de las cubetas de reacci\u00f3n, se pueden cargar hasta 1200 cubetas de reacci\u00f3n a la vez.<\/span>\n\t\t\t\t\t\t\t\t\t<\/li>\n\t\t\t\t\t\t\t\t\t\t\t<li>\n\t\t\t\t\t<span class=\"list-icon fas fa-arrow-alt-circle-right\"><\/span>\n\t\t\t\t\t<span class=\"list-content\">Proporcionar una muestra del \u00e1rea de cach\u00e9 que se va a revisar para admitir las condiciones de revisi\u00f3n definidas por el usuario.<\/span>\n\t\t\t\t\t\t\t\t\t<\/li>\n\t\t\t\t\t\t\t\t\t\t\t<li>\n\t\t\t\t\t<span class=\"list-icon fas fa-arrow-alt-circle-right\"><\/span>\n\t\t\t\t\t<span class=\"list-content\">30 puestos de reactivos refrigerados, gesti\u00f3n de tarjetas de radiofrecuencia de informaci\u00f3n sobre reactivos, sustituci\u00f3n de reactivos en l\u00ednea<\/span>\n\t\t\t\t\t\t\t\t\t<\/li>\n\t\t\t\t\t\t\t\t\t\t\t<li>\n\t\t\t\t\t<span class=\"list-icon fas fa-arrow-alt-circle-right\"><\/span>\n\t\t\t\t\t<span class=\"list-content\">Reciclaje del vaso de reacci\u00f3n separaci\u00f3n s\u00f3lido-l\u00edquido, reduciendo eficazmente los riesgos de bioseguridad.<\/span>\n\t\t\t\t\t\t\t\t\t<\/li>\n\t\t\t\t\t\t\t\t\t\t\t<li>\n\t\t\t\t\t<span class=\"list-icon fas fa-arrow-alt-circle-right\"><\/span>\n\t\t\t\t\t<span class=\"list-content\">La gesti\u00f3n de tarjetas de radiofrecuencia de informaci\u00f3n sobre l\u00edquido de preexcitaci\u00f3n y l\u00edquido de excitaci\u00f3n, dise\u00f1o inverso antirretorno<\/span>\n\t\t\t\t\t\t\t\t\t<\/li>\n\t\t\t\t\t\t\t\t\t\t\t<li>\n\t\t\t\t\t<span class=\"list-icon fas fa-arrow-alt-circle-right\"><\/span>\n\t\t\t\t\t<span class=\"list-content\">Dise\u00f1o de interfaz intuitivo y de manejo sencillo<\/span>\n\t\t\t\t\t\t\t\t\t<\/li>\n\t\t\t\t\t<\/ul>\n\t\t<\/div><\/div><\/div><\/div>\n<\/div>","protected":false},"excerpt":{"rendered":"Utiliza la tecnolog\u00eda de quimioluminiscencia directa basada en micropart\u00edculas magn\u00e9ticas y \u00e9ster de acridinio (AE). Funcionamiento de un solo m\u00f3dulo","protected":false},"featured_media":8396,"template":"","meta":[],"product_brand":[],"product_cat":[226,183],"product_tag":[],"class_list":{"0":"post-8395","1":"product","2":"type-product","3":"status-publish","4":"has-post-thumbnail","6":"product_cat-inmunologia","7":"product_cat-laboratorio","9":"first","10":"instock","11":"shipping-taxable","12":"product-type-simple"},"_links":{"self":[{"href":"https:\/\/corpmedec.med.ec\/index.php?rest_route=\/wp\/v2\/product\/8395","targetHints":{"allow":["GET"]}}],"collection":[{"href":"https:\/\/corpmedec.med.ec\/index.php?rest_route=\/wp\/v2\/product"}],"about":[{"href":"https:\/\/corpmedec.med.ec\/index.php?rest_route=\/wp\/v2\/types\/product"}],"wp:featuredmedia":[{"embeddable":true,"href":"https:\/\/corpmedec.med.ec\/index.php?rest_route=\/wp\/v2\/media\/8396"}],"wp:attachment":[{"href":"https:\/\/corpmedec.med.ec\/index.php?rest_route=%2Fwp%2Fv2%2Fmedia&parent=8395"}],"wp:term":[{"taxonomy":"product_brand","embeddable":true,"href":"https:\/\/corpmedec.med.ec\/index.php?rest_route=%2Fwp%2Fv2%2Fproduct_brand&post=8395"},{"taxonomy":"product_cat","embeddable":true,"href":"https:\/\/corpmedec.med.ec\/index.php?rest_route=%2Fwp%2Fv2%2Fproduct_cat&post=8395"},{"taxonomy":"product_tag","embeddable":true,"href":"https:\/\/corpmedec.med.ec\/index.php?rest_route=%2Fwp%2Fv2%2Fproduct_tag&post=8395"}],"curies":[{"name":"wp","href":"https:\/\/api.w.org\/{rel}","templated":true}]}}