{"id":8397,"date":"2024-11-19T16:49:12","date_gmt":"2024-11-19T16:49:12","guid":{"rendered":"https:\/\/corpmedec.med.ec\/?post_type=product&#038;p=8397"},"modified":"2024-11-19T16:54:31","modified_gmt":"2024-11-19T16:54:31","slug":"i3000-analizador-automatico-de-inmunoensayo-por-quimioluminiscencia","status":"publish","type":"product","link":"https:\/\/corpmedec.med.ec\/?product=i3000-analizador-automatico-de-inmunoensayo-por-quimioluminiscencia","title":{"rendered":"I3000 Analizador autom\u00e1tico de inmunoensayo por quimioluminiscencia"},"content":{"rendered":"<div class=\"wpb-content-wrapper\"><div class=\"vc_row wpb_row vc_row-fluid\"><div class=\"wpb_column vc_column_container vc_col-sm-12\"><div class=\"vc_column-inner\"><div class=\"wpb_wrapper\">\t\t\t<link rel=\"stylesheet\" id=\"wd-list-css\" href=\"https:\/\/corpmedec.med.ec\/wp-content\/themes\/woodmart\/css\/parts\/el-list.min.css?ver=6.5.4\" type=\"text\/css\" media=\"all\" \/> \t\t\t\n\t\t<ul class=\" wd-rs-673cc2ae23448 wd-list wd-wpb color-scheme- wd-fontsize-xs wd-list-type-icon wd-list-style-default wd-justify-left \" id=\"wd-673cc2ae23448\">\n\t\t\t\t\t\t\t\t\t\t\t<li>\n\t\t\t\t\t<span class=\"list-icon fas fa-arrow-alt-circle-right\"><\/span>\n\t\t\t\t\t<span class=\"list-content\">El sistema autom\u00e1tico de inmunoensayo por quimioluminiscencia i3000 utiliza la tecnolog\u00eda de quimioluminiscencia directa basada en micropart\u00edculas magn\u00e9ticas de \u00e9ster de acridinio (AE).<\/span>\n\t\t\t\t\t\t\t\t\t<\/li>\n\t\t\t\t\t\t\t\t\t\t\t<li>\n\t\t\t\t\t<span class=\"list-icon fas fa-arrow-alt-circle-right\"><\/span>\n\t\t\t\t\t<span class=\"list-content\">Carga simult\u00e1nea de 200 muestras, inyecci\u00f3n c\u00edclica de tipo ra\u00edl, selecci\u00f3n de la parte de entrada seg\u00fan el modo de inyecci\u00f3n de la muestra.<\/span>\n\t\t\t\t\t\t\t\t\t<\/li>\n\t\t\t\t\t\t\t\t\t\t\t<li>\n\t\t\t\t\t<span class=\"list-icon fas fa-arrow-alt-circle-right\"><\/span>\n\t\t\t\t\t<span class=\"list-content\">Revisar el m\u00f3dulo de cach\u00e9\nProporcionar un \u00e1rea de cach\u00e9 de muestra que se va a revisar para admitir las condiciones de revisi\u00f3n definidas por el usuario.<\/span>\n\t\t\t\t\t\t\t\t\t<\/li>\n\t\t\t\t\t\t\t\t\t\t\t<li>\n\t\t\t\t\t<span class=\"list-icon fas fa-arrow-alt-circle-right\"><\/span>\n\t\t\t\t\t<span class=\"list-content\">Las combinaciones flexibles de m\u00f3dulos de instrumentos no s\u00f3lo cumplen el requisito de alta velocidad, sino que tambi\u00e9n permiten realizar m\u00e1s pruebas diferentes.<\/span>\n\t\t\t\t\t\t\t\t\t<\/li>\n\t\t\t\t\t\t\t\t\t\t\t<li>\n\t\t\t\t\t<span class=\"list-icon fas fa-arrow-alt-circle-right\"><\/span>\n\t\t\t\t\t<span class=\"list-content\">La modularizaci\u00f3n y las combinaciones de instrumentos no s\u00f3lo satisfacen diferentes formas de necesidades de ensayo, sino que tambi\u00e9n se adaptan al complejo entorno del laboratorio.<\/span>\n\t\t\t\t\t\t\t\t\t<\/li>\n\t\t\t\t\t\t\t\t\t\t\t<li>\n\t\t\t\t\t<span class=\"list-icon fas fa-arrow-alt-circle-right\"><\/span>\n\t\t\t\t\t<span class=\"list-content\">Resto de muestra < 0.1 PPM<\/span>\n\t\t\t\t\t\t\t\t\t<\/li>\n\t\t\t\t\t\t\t\t\t\t\t<li>\n\t\t\t\t\t<span class=\"list-icon fas fa-arrow-alt-circle-right\"><\/span>\n\t\t\t\t\t<span class=\"list-content\">M\u00e9todo de lavado flexible\nTecnolog\u00eda de separaci\u00f3n magn\u00e9tica m\u00faltiple, separaci\u00f3n eficaz B\/F\nDise\u00f1o patentado del campo magn\u00e9tico para controlar estrictamente la p\u00e9rdida de perlas magn\u00e9ticas\nMantener la incubaci\u00f3n del sistema de reacci\u00f3n durante la limpieza<\/span>\n\t\t\t\t\t\t\t\t\t<\/li>\n\t\t\t\t\t<\/ul>\n\t\t<\/div><\/div><\/div><\/div>\n<\/div>","protected":false},"excerpt":{"rendered":"El sistema autom\u00e1tico de inmunoensayo por quimioluminiscencia i3000 utiliza la tecnolog\u00eda de quimioluminiscencia directa basada en micropart\u00edculas magn\u00e9ticas de \u00e9ster","protected":false},"featured_media":8398,"template":"","meta":[],"product_brand":[],"product_cat":[226,183],"product_tag":[],"class_list":{"0":"post-8397","1":"product","2":"type-product","3":"status-publish","4":"has-post-thumbnail","6":"product_cat-inmunologia","7":"product_cat-laboratorio","9":"first","10":"instock","11":"shipping-taxable","12":"product-type-simple"},"_links":{"self":[{"href":"https:\/\/corpmedec.med.ec\/index.php?rest_route=\/wp\/v2\/product\/8397","targetHints":{"allow":["GET"]}}],"collection":[{"href":"https:\/\/corpmedec.med.ec\/index.php?rest_route=\/wp\/v2\/product"}],"about":[{"href":"https:\/\/corpmedec.med.ec\/index.php?rest_route=\/wp\/v2\/types\/product"}],"wp:featuredmedia":[{"embeddable":true,"href":"https:\/\/corpmedec.med.ec\/index.php?rest_route=\/wp\/v2\/media\/8398"}],"wp:attachment":[{"href":"https:\/\/corpmedec.med.ec\/index.php?rest_route=%2Fwp%2Fv2%2Fmedia&parent=8397"}],"wp:term":[{"taxonomy":"product_brand","embeddable":true,"href":"https:\/\/corpmedec.med.ec\/index.php?rest_route=%2Fwp%2Fv2%2Fproduct_brand&post=8397"},{"taxonomy":"product_cat","embeddable":true,"href":"https:\/\/corpmedec.med.ec\/index.php?rest_route=%2Fwp%2Fv2%2Fproduct_cat&post=8397"},{"taxonomy":"product_tag","embeddable":true,"href":"https:\/\/corpmedec.med.ec\/index.php?rest_route=%2Fwp%2Fv2%2Fproduct_tag&post=8397"}],"curies":[{"name":"wp","href":"https:\/\/api.w.org\/{rel}","templated":true}]}}