{"id":8415,"date":"2025-06-16T20:14:20","date_gmt":"2025-06-16T20:14:20","guid":{"rendered":"https:\/\/corpmedec.med.ec\/?post_type=product&#038;p=8415"},"modified":"2025-06-16T20:37:32","modified_gmt":"2025-06-16T20:37:32","slug":"circuito-de-respiracion","status":"publish","type":"product","link":"https:\/\/corpmedec.med.ec\/?product=circuito-de-respiracion","title":{"rendered":"CIRCUITO DE RESPIRACI\u00d3N"},"content":{"rendered":"<div class=\"wpb-content-wrapper\"><div class=\"vc_row wpb_row vc_row-fluid\"><div class=\"wpb_column vc_column_container vc_col-sm-12\"><div class=\"vc_column-inner\"><div class=\"wpb_wrapper\">\t\t\t<link rel=\"stylesheet\" id=\"wd-list-css\" href=\"https:\/\/corpmedec.med.ec\/wp-content\/themes\/woodmart\/css\/parts\/el-list.min.css?ver=6.5.4\" type=\"text\/css\" media=\"all\" \/> \t\t\t\n\t\t<ul class=\" wd-rs-68507c6bb7a19 wd-list wd-wpb color-scheme- wd-fontsize-xs wd-list-type-icon wd-list-style-default wd-justify-left \" id=\"wd-68507c6bb7a19\">\n\t\t\t\t\t\t\t\t\t\t\t<li>\n\t\t\t\t\t<span class=\"list-icon fas fa-arrow-alt-circle-right\"><\/span>\n\t\t\t\t\t<span class=\"list-content\">Pared inferior lisa con cubierta exterior reforzada evita el agua estancada<\/span>\n\t\t\t\t\t\t\t\t\t<\/li>\n\t\t\t\t\t\t\t\t\t\t\t<li>\n\t\t\t\t\t<span class=\"list-icon fas fa-arrow-alt-circle-right\"><\/span>\n\t\t\t\t\t<span class=\"list-content\">Tubo suave con resistencia a la torcedura<\/span>\n\t\t\t\t\t\t\t\t\t<\/li>\n\t\t\t\t\t\t\t\t\t\t\t<li>\n\t\t\t\t\t<span class=\"list-icon fas fa-arrow-alt-circle-right\"><\/span>\n\t\t\t\t\t<span class=\"list-content\">La trampa de agua puede recoger el agua condensada en el tubo y la trampa de agua vertical puede ser como una opci\u00f3n<\/span>\n\t\t\t\t\t\t\t\t\t<\/li>\n\t\t\t\t\t<\/ul>\n\t\t<\/div><\/div><\/div><\/div><div class=\"vc_row wpb_row vc_row-fluid\"><div class=\"wpb_column vc_column_container vc_col-sm-12\"><div class=\"vc_column-inner\"><div class=\"wpb_wrapper\">\t\t\t<link rel=\"stylesheet\" id=\"wd-text-block-css\" href=\"https:\/\/corpmedec.med.ec\/wp-content\/themes\/woodmart\/css\/parts\/el-text-block.min.css?ver=6.5.4\" type=\"text\/css\" media=\"all\" \/> \t\t\t\t\t<div id=\"wd-68507f10401fc\" class=\"wd-text-block wd-wpb reset-last-child wd-rs-68507f10401fc text-left \">\n\t\t\t<p><strong>INCLUYE<\/strong><\/p>\n\t\t<\/div>\n\t\t<\/div><\/div><\/div><\/div><div class=\"vc_row wpb_row vc_row-fluid\"><div class=\"wpb_column vc_column_container vc_col-sm-12\"><div class=\"vc_column-inner\"><div class=\"wpb_wrapper\">\n\t\t<ul class=\" wd-rs-68507f3e1ed44 wd-list wd-wpb color-scheme- wd-fontsize-xs wd-list-type-icon wd-list-style-default wd-justify-left \" id=\"wd-68507f3e1ed44\">\n\t\t\t\t\t\t\t\t\t\t\t<li>\n\t\t\t\t\t<span class=\"list-icon fas fa-arrow-alt-circle-right\"><\/span>\n\t\t\t\t\t<span class=\"list-content\">Conector de codo en Y opcional con monitoreo, conveniente para la medici\u00f3n de presi\u00f3n y monitoreo de di\u00f3xido de carbono <\/span>\n\t\t\t\t\t\t\t\t\t<\/li>\n\t\t\t\t\t<\/ul>\n\t\t<\/div><\/div><\/div><\/div>\n<\/div>","protected":false},"excerpt":{"rendered":"Pared inferior lisa con cubierta exterior reforzada evita el agua estancada Tubo suave con resistencia a la torcedura La trampa","protected":false},"featured_media":8416,"template":"","meta":[],"product_brand":[],"product_cat":[71,186],"product_tag":[],"class_list":{"0":"post-8415","1":"product","2":"type-product","3":"status-publish","4":"has-post-thumbnail","6":"product_cat-dispositivos-medicos","7":"product_cat-terapia-respiratoria","9":"first","10":"instock","11":"shipping-taxable","12":"product-type-simple"},"_links":{"self":[{"href":"https:\/\/corpmedec.med.ec\/index.php?rest_route=\/wp\/v2\/product\/8415","targetHints":{"allow":["GET"]}}],"collection":[{"href":"https:\/\/corpmedec.med.ec\/index.php?rest_route=\/wp\/v2\/product"}],"about":[{"href":"https:\/\/corpmedec.med.ec\/index.php?rest_route=\/wp\/v2\/types\/product"}],"wp:featuredmedia":[{"embeddable":true,"href":"https:\/\/corpmedec.med.ec\/index.php?rest_route=\/wp\/v2\/media\/8416"}],"wp:attachment":[{"href":"https:\/\/corpmedec.med.ec\/index.php?rest_route=%2Fwp%2Fv2%2Fmedia&parent=8415"}],"wp:term":[{"taxonomy":"product_brand","embeddable":true,"href":"https:\/\/corpmedec.med.ec\/index.php?rest_route=%2Fwp%2Fv2%2Fproduct_brand&post=8415"},{"taxonomy":"product_cat","embeddable":true,"href":"https:\/\/corpmedec.med.ec\/index.php?rest_route=%2Fwp%2Fv2%2Fproduct_cat&post=8415"},{"taxonomy":"product_tag","embeddable":true,"href":"https:\/\/corpmedec.med.ec\/index.php?rest_route=%2Fwp%2Fv2%2Fproduct_tag&post=8415"}],"curies":[{"name":"wp","href":"https:\/\/api.w.org\/{rel}","templated":true}]}}